{"id":1546,"date":"2025-03-19T02:26:37","date_gmt":"2025-03-19T02:26:37","guid":{"rendered":"https:\/\/ciasamx.com\/site-v2\/?page_id=1546"},"modified":"2025-03-31T05:54:49","modified_gmt":"2025-03-31T05:54:49","slug":"torre-mural","status":"publish","type":"page","link":"https:\/\/ciasamx.com\/site-v2\/proyectos-lideres\/torre-mural\/","title":{"rendered":"TORRE MURAL"},"content":{"rendered":"\t\t<div data-elementor-type=\"wp-page\" data-elementor-id=\"1546\" class=\"elementor elementor-1546\" data-elementor-post-type=\"page\">\n\t\t\t\t<div data-particle_enable=\"false\" data-particle-mobile-disabled=\"false\" class=\"elementor-element elementor-element-2445c81e e-con-full e-flex e-con e-parent\" data-id=\"2445c81e\" data-element_type=\"container\" data-settings=\"{&quot;background_background&quot;:&quot;classic&quot;}\">\n\t\t<div data-particle_enable=\"false\" data-particle-mobile-disabled=\"false\" class=\"elementor-element elementor-element-2de5f41f e-con-full e-flex e-con e-child\" data-id=\"2de5f41f\" data-element_type=\"container\">\n\t\t\t\t<div class=\"elementor-element elementor-element-a896495 eael-dual-header-content-align-center elementor-widget elementor-widget-eael-dual-color-header\" data-id=\"a896495\" data-element_type=\"widget\" data-widget_type=\"eael-dual-color-header.default\">\n\t\t\t\t<div class=\"elementor-widget-container\">\n\t\t\t\t\t\t\t\t<div class=\"eael-dual-header\">\n\t\t\t\t<h2 class=\"title eael-dch-title\"><span class=\"eael-dch-title-text eael-dch-title-lead lead solid-color\">TORRE MURAL<\/span> <span class=\"eael-dch-title-text\"><\/span><\/h2>\t\t\t\t\t<span class=\"subtext\"><p>Suministro, Instalaci\u00f3n y Mantenimiento de Equipos<\/p><\/span>\n\t\t\t\t\t\t\t\t\t<span class=\"eael-dch-svg-icon\"><\/span>\t\t\t\t\t\t\t<\/div>\n\n\t\t\t\t\t\t<\/div>\n\t\t\t\t<\/div>\n\t\t\t\t<\/div>\n\t\t<div data-particle_enable=\"false\" data-particle-mobile-disabled=\"false\" class=\"elementor-element elementor-element-2826260c e-flex e-con-boxed e-con e-child\" data-id=\"2826260c\" data-element_type=\"container\">\n\t\t\t\t\t<div class=\"e-con-inner\">\n\t\t\t\t<div class=\"elementor-element elementor-element-13b23f43 elementor-widget elementor-widget-eael-flip-carousel\" data-id=\"13b23f43\" data-element_type=\"widget\" data-widget_type=\"eael-flip-carousel.default\">\n\t\t\t\t<div class=\"elementor-widget-container\">\n\t\t\t\t\t\t\t<div class=\"eael-flip-carousel flip-carousel-13b23f43 show-all\" data-style=\"flat\" data-start=\"center\" data-fadein=\"400\" data-loop=\"true\" data-autoplay=\"2000\" data-pauseonhover=\"true\" data-spacing=\"-0.6\" data-click=\"true\" data-scrollwheel=\"true\" data-touch=\"true\" data-buttons=\"\" data-buttonprev=\"\" data-buttonnext=\"\">\n\t\t\t<ul class=\"flip-items eael-flip-container\">\n\t\t\t\t\t\t\t\t\t<li class=\"eael-flip-item\">\n\t\t\t\t\t\t<img decoding=\"async\" src=\"https:\/\/ciasamx.com\/site-v2\/wp-content\/uploads\/2025\/03\/T.-Mural-01.jpg\" alt=\"\">\n\t\t\t\t\t<\/li>\n\t\t\t\t\t\t\t\t\t<li class=\"eael-flip-item\">\n\t\t\t\t\t\t<img decoding=\"async\" src=\"https:\/\/ciasamx.com\/site-v2\/wp-content\/uploads\/2025\/03\/T-Mural-02.jpg\" alt=\"\">\n\t\t\t\t\t<\/li>\n\t\t\t\t\t\t\t\t\t<li class=\"eael-flip-item\">\n\t\t\t\t\t\t<img decoding=\"async\" src=\"https:\/\/ciasamx.com\/site-v2\/wp-content\/uploads\/2025\/03\/T-Mural-03.jpg\" alt=\"\">\n\t\t\t\t\t<\/li>\n\t\t\t\t\t\t\t\t\t<li class=\"eael-flip-item\">\n\t\t\t\t\t\t<img decoding=\"async\" src=\"https:\/\/ciasamx.com\/site-v2\/wp-content\/uploads\/2025\/03\/T-Mural-04.jpg\" alt=\"\">\n\t\t\t\t\t<\/li>\n\t\t\t\t\t\t\t\t\t<li class=\"eael-flip-item\">\n\t\t\t\t\t\t<img decoding=\"async\" src=\"https:\/\/ciasamx.com\/site-v2\/wp-content\/uploads\/2025\/03\/T-Mural-05.jpg\" alt=\"\">\n\t\t\t\t\t<\/li>\n\t\t\t\t\t\t\t<\/ul>\n\t\t<\/div>\n\t\t\t\t\t\t<\/div>\n\t\t\t\t<\/div>\n\t\t\t\t\t<\/div>\n\t\t\t\t<\/div>\n\t\t\t\t<\/div>\n\t\t<div data-particle_enable=\"false\" data-particle-mobile-disabled=\"false\" class=\"elementor-element elementor-element-73592abe e-flex e-con-boxed e-con e-parent\" data-id=\"73592abe\" data-element_type=\"container\" data-settings=\"{&quot;background_background&quot;:&quot;classic&quot;}\">\n\t\t\t\t\t<div class=\"e-con-inner\">\n\t\t\t\t<div class=\"elementor-element elementor-element-7b879301 elementor-widget__width-initial elementor-hidden-mobile elementor-widget elementor-widget-image\" data-id=\"7b879301\" data-element_type=\"widget\" data-widget_type=\"image.default\">\n\t\t\t\t<div class=\"elementor-widget-container\">\n\t\t\t\t\t\t\t\t\t\t\t\t\t\t\t<img fetchpriority=\"high\" decoding=\"async\" width=\"800\" height=\"800\" src=\"https:\/\/ciasamx.com\/site-v2\/wp-content\/uploads\/2025\/03\/Aire-Acondicionado-en-Torres-1024x1024.jpg\" class=\"attachment-large size-large wp-image-1560\" alt=\"\" srcset=\"https:\/\/ciasamx.com\/site-v2\/wp-content\/uploads\/2025\/03\/Aire-Acondicionado-en-Torres-1024x1024.jpg 1024w, https:\/\/ciasamx.com\/site-v2\/wp-content\/uploads\/2025\/03\/Aire-Acondicionado-en-Torres-300x300.jpg 300w, https:\/\/ciasamx.com\/site-v2\/wp-content\/uploads\/2025\/03\/Aire-Acondicionado-en-Torres-150x150.jpg 150w, https:\/\/ciasamx.com\/site-v2\/wp-content\/uploads\/2025\/03\/Aire-Acondicionado-en-Torres-768x768.jpg 768w, https:\/\/ciasamx.com\/site-v2\/wp-content\/uploads\/2025\/03\/Aire-Acondicionado-en-Torres.jpg 1080w\" sizes=\"(max-width: 800px) 100vw, 800px\" \/>\t\t\t\t\t\t\t\t\t\t\t\t\t\t\t<\/div>\n\t\t\t\t<\/div>\n\t\t<div data-particle_enable=\"false\" data-particle-mobile-disabled=\"false\" class=\"elementor-element elementor-element-383e6860 e-con-full e-flex e-con e-child\" data-id=\"383e6860\" data-element_type=\"container\">\n\t\t\t\t<div class=\"elementor-element elementor-element-eac1f72 elementor-widget elementor-widget-heading\" data-id=\"eac1f72\" data-element_type=\"widget\" data-widget_type=\"heading.default\">\n\t\t\t\t<div class=\"elementor-widget-container\">\n\t\t\t\t\t<h2 class=\"elementor-heading-title elementor-size-default\">NECESIDAD DEL CLIENTE<\/h2>\t\t\t\t<\/div>\n\t\t\t\t<\/div>\n\t\t\t\t<div class=\"elementor-element elementor-element-2aa976c3 elementor-widget elementor-widget-text-editor\" data-id=\"2aa976c3\" data-element_type=\"widget\" data-widget_type=\"text-editor.default\">\n\t\t\t\t<div class=\"elementor-widget-container\">\n\t\t\t\t\t\t\t\t\t<p>Reemplazo de equipos enfriadores de agua helada por tiempo de vida \u00fatil de los equipos existentes.<\/p>\t\t\t\t\t\t\t\t<\/div>\n\t\t\t\t<\/div>\n\t\t\t\t<\/div>\n\t\t\t\t\t<\/div>\n\t\t\t\t<\/div>\n\t\t<div data-particle_enable=\"false\" data-particle-mobile-disabled=\"false\" class=\"elementor-element elementor-element-74b6832c e-flex e-con-boxed e-con e-parent\" data-id=\"74b6832c\" data-element_type=\"container\">\n\t\t\t\t\t<div class=\"e-con-inner\">\n\t\t<div data-particle_enable=\"false\" data-particle-mobile-disabled=\"false\" class=\"elementor-element elementor-element-6795f1d1 e-con-full e-flex e-con e-child\" data-id=\"6795f1d1\" data-element_type=\"container\" data-settings=\"{&quot;background_background&quot;:&quot;classic&quot;}\">\n\t\t<div data-particle_enable=\"false\" data-particle-mobile-disabled=\"false\" class=\"elementor-element elementor-element-77563ccd e-con-full e-flex e-con e-child\" data-id=\"77563ccd\" data-element_type=\"container\">\n\t\t\t\t<div class=\"elementor-element elementor-element-67cf0f57 elementor-widget elementor-widget-heading\" data-id=\"67cf0f57\" data-element_type=\"widget\" data-widget_type=\"heading.default\">\n\t\t\t\t<div class=\"elementor-widget-container\">\n\t\t\t\t\t<h2 class=\"elementor-heading-title elementor-size-default\">TIPO DE EQUIPO IMPLEMENTADO<\/h2>\t\t\t\t<\/div>\n\t\t\t\t<\/div>\n\t\t\t\t<div class=\"elementor-element elementor-element-6c0a16b3 elementor-widget elementor-widget-text-editor\" data-id=\"6c0a16b3\" data-element_type=\"widget\" data-widget_type=\"text-editor.default\">\n\t\t\t\t<div class=\"elementor-widget-container\">\n\t\t\t\t\t\t\t\t\t<p>Chiller enfriado por aire con compresor tipo tornillo con variador de velocidad.<\/p>\t\t\t\t\t\t\t\t<\/div>\n\t\t\t\t<\/div>\n\t\t\t\t<div class=\"elementor-element elementor-element-40fe77fc elementor-widget elementor-widget-heading\" data-id=\"40fe77fc\" data-element_type=\"widget\" data-widget_type=\"heading.default\">\n\t\t\t\t<div class=\"elementor-widget-container\">\n\t\t\t\t\t<h2 class=\"elementor-heading-title elementor-size-default\">TR INSTALADAS<\/h2>\t\t\t\t<\/div>\n\t\t\t\t<\/div>\n\t\t\t\t<div class=\"elementor-element elementor-element-287c06b elementor-widget elementor-widget-text-editor\" data-id=\"287c06b\" data-element_type=\"widget\" data-widget_type=\"text-editor.default\">\n\t\t\t\t<div class=\"elementor-widget-container\">\n\t\t\t\t\t\t\t\t\t<p>600 Toneladas de Refrigeraci\u00f3n.<\/p>\t\t\t\t\t\t\t\t<\/div>\n\t\t\t\t<\/div>\n\t\t\t\t<\/div>\n\t\t\t\t<\/div>\n\t\t<div data-particle_enable=\"false\" data-particle-mobile-disabled=\"false\" class=\"elementor-element elementor-element-5b7973b6 e-con-full e-flex e-con e-child\" data-id=\"5b7973b6\" data-element_type=\"container\">\n\t\t\t\t<div class=\"elementor-element elementor-element-5df1a38c elementor-widget elementor-widget-heading\" data-id=\"5df1a38c\" data-element_type=\"widget\" data-widget_type=\"heading.default\">\n\t\t\t\t<div class=\"elementor-widget-container\">\n\t\t\t\t\t<h2 class=\"elementor-heading-title elementor-size-default\">\u00bfC\u00d3MO SE SOLUCION\u00d3 LA NECESIDAD DEL CLIENTE?<\/h2>\t\t\t\t<\/div>\n\t\t\t\t<\/div>\n\t\t\t\t<div class=\"elementor-element elementor-element-2a12b52d elementor-widget elementor-widget-text-editor\" data-id=\"2a12b52d\" data-element_type=\"widget\" data-widget_type=\"text-editor.default\">\n\t\t\t\t<div class=\"elementor-widget-container\">\n\t\t\t\t\t\t\t\t\t<p>Venta e instalaci\u00f3n de equipo tipo Chiller para sustituir los equipos actuales.<\/p>\t\t\t\t\t\t\t\t<\/div>\n\t\t\t\t<\/div>\n\t\t\t\t<div class=\"elementor-element elementor-element-6513eb0 elementor-widget elementor-widget-heading\" data-id=\"6513eb0\" data-element_type=\"widget\" data-widget_type=\"heading.default\">\n\t\t\t\t<div class=\"elementor-widget-container\">\n\t\t\t\t\t<h2 class=\"elementor-heading-title elementor-size-default\">\u00bfC\u00d3MO SE LE DA MANTENIMIENTO?<\/h2>\t\t\t\t<\/div>\n\t\t\t\t<\/div>\n\t\t\t\t<div class=\"elementor-element elementor-element-4771638 elementor-widget elementor-widget-text-editor\" data-id=\"4771638\" data-element_type=\"widget\" data-widget_type=\"text-editor.default\">\n\t\t\t\t<div class=\"elementor-widget-container\">\n\t\t\t\t\t\t\t\t\t<p>Servicio de acuerdo con los procedimientos indicados por el fabricante del equipo.<\/p>\t\t\t\t\t\t\t\t<\/div>\n\t\t\t\t<\/div>\n\t\t\t\t<\/div>\n\t\t\t\t\t<\/div>\n\t\t\t\t<\/div>\n\t\t<div data-particle_enable=\"false\" data-particle-mobile-disabled=\"false\" class=\"elementor-element elementor-element-1851c1b6 e-con-full e-flex e-con e-parent\" data-id=\"1851c1b6\" data-element_type=\"container\">\n\t\t\t\t<div class=\"elementor-element elementor-element-61910463 elementor-arrows-position-inside elementor-pagination-position-outside elementor-widget elementor-widget-image-carousel\" data-id=\"61910463\" data-element_type=\"widget\" data-settings=\"{&quot;slides_to_show&quot;:&quot;1&quot;,&quot;navigation&quot;:&quot;both&quot;,&quot;autoplay&quot;:&quot;yes&quot;,&quot;pause_on_hover&quot;:&quot;yes&quot;,&quot;pause_on_interaction&quot;:&quot;yes&quot;,&quot;autoplay_speed&quot;:5000,&quot;infinite&quot;:&quot;yes&quot;,&quot;effect&quot;:&quot;slide&quot;,&quot;speed&quot;:500}\" data-widget_type=\"image-carousel.default\">\n\t\t\t\t<div class=\"elementor-widget-container\">\n\t\t\t\t\t\t\t<div class=\"elementor-image-carousel-wrapper swiper\" role=\"region\" aria-roledescription=\"carousel\" aria-label=\"Carrusel de Im\u00e1genes\" dir=\"ltr\">\n\t\t\t<div class=\"elementor-image-carousel swiper-wrapper\" aria-live=\"off\">\n\t\t\t\t\t\t\t\t<div class=\"swiper-slide\" role=\"group\" aria-roledescription=\"slide\" aria-label=\"1 de 5\"><figure class=\"swiper-slide-inner\"><img decoding=\"async\" class=\"swiper-slide-image\" src=\"https:\/\/ciasamx.com\/site-v2\/wp-content\/uploads\/2025\/03\/Mantenimiento-Clima-01.jpg\" alt=\"Mantenimiento-Clima-01\" \/><\/figure><\/div><div class=\"swiper-slide\" role=\"group\" aria-roledescription=\"slide\" aria-label=\"2 de 5\"><figure class=\"swiper-slide-inner\"><img decoding=\"async\" class=\"swiper-slide-image\" src=\"https:\/\/ciasamx.com\/site-v2\/wp-content\/uploads\/2025\/03\/Mantenimiento-Clima-02.jpg\" alt=\"Mantenimiento-Clima-02\" \/><\/figure><\/div><div class=\"swiper-slide\" role=\"group\" aria-roledescription=\"slide\" aria-label=\"3 de 5\"><figure class=\"swiper-slide-inner\"><img decoding=\"async\" class=\"swiper-slide-image\" src=\"https:\/\/ciasamx.com\/site-v2\/wp-content\/uploads\/2025\/03\/Mantenimiento-Clima-03.jpg\" alt=\"Mantenimiento-Clima-03\" \/><\/figure><\/div><div class=\"swiper-slide\" role=\"group\" aria-roledescription=\"slide\" aria-label=\"4 de 5\"><figure class=\"swiper-slide-inner\"><img decoding=\"async\" class=\"swiper-slide-image\" src=\"https:\/\/ciasamx.com\/site-v2\/wp-content\/uploads\/2025\/03\/Mantenimiento-Clima-04.jpg\" alt=\"Mantenimiento-Clima-04\" \/><\/figure><\/div><div class=\"swiper-slide\" role=\"group\" aria-roledescription=\"slide\" aria-label=\"5 de 5\"><figure class=\"swiper-slide-inner\"><img decoding=\"async\" class=\"swiper-slide-image\" src=\"https:\/\/ciasamx.com\/site-v2\/wp-content\/uploads\/2025\/03\/Mantenimiento-Clima-05.jpg\" alt=\"Mantenimiento-Clima-05\" \/><\/figure><\/div>\t\t\t<\/div>\n\t\t\t\t\t\t\t\t\t\t\t\t<div class=\"elementor-swiper-button elementor-swiper-button-prev\" role=\"button\" tabindex=\"0\">\n\t\t\t\t\t\t<svg aria-hidden=\"true\" class=\"e-font-icon-svg e-fas-arrow-alt-circle-left\" viewBox=\"0 0 512 512\" xmlns=\"http:\/\/www.w3.org\/2000\/svg\"><path d=\"M256 504C119 504 8 393 8 256S119 8 256 8s248 111 248 248-111 248-248 248zm116-292H256v-70.9c0-10.7-13-16.1-20.5-8.5L121.2 247.5c-4.7 4.7-4.7 12.2 0 16.9l114.3 114.9c7.6 7.6 20.5 2.2 20.5-8.5V300h116c6.6 0 12-5.4 12-12v-64c0-6.6-5.4-12-12-12z\"><\/path><\/svg>\t\t\t\t\t<\/div>\n\t\t\t\t\t<div class=\"elementor-swiper-button elementor-swiper-button-next\" role=\"button\" tabindex=\"0\">\n\t\t\t\t\t\t<svg aria-hidden=\"true\" class=\"e-font-icon-svg e-fas-arrow-alt-circle-right\" viewBox=\"0 0 512 512\" xmlns=\"http:\/\/www.w3.org\/2000\/svg\"><path d=\"M256 8c137 0 248 111 248 248S393 504 256 504 8 393 8 256 119 8 256 8zM140 300h116v70.9c0 10.7 13 16.1 20.5 8.5l114.3-114.9c4.7-4.7 4.7-12.2 0-16.9l-114.3-115c-7.6-7.6-20.5-2.2-20.5 8.5V212H140c-6.6 0-12 5.4-12 12v64c0 6.6 5.4 12 12 12z\"><\/path><\/svg>\t\t\t\t\t<\/div>\n\t\t\t\t\n\t\t\t\t\t\t\t\t\t<div class=\"swiper-pagination\"><\/div>\n\t\t\t\t\t\t\t\t\t<\/div>\n\t\t\t\t\t\t<\/div>\n\t\t\t\t<\/div>\n\t\t\t\t<\/div>\n\t\t<div data-particle_enable=\"false\" data-particle-mobile-disabled=\"false\" class=\"elementor-element elementor-element-55bddb63 e-flex e-con-boxed e-con e-parent\" data-id=\"55bddb63\" data-element_type=\"container\">\n\t\t\t\t\t<div class=\"e-con-inner\">\n\t\t\t\t<div class=\"elementor-element elementor-element-18bc98af elementor-widget elementor-widget-heading\" data-id=\"18bc98af\" data-element_type=\"widget\" data-widget_type=\"heading.default\">\n\t\t\t\t<div class=\"elementor-widget-container\">\n\t\t\t\t\t<h2 class=\"elementor-heading-title elementor-size-default\">PROBLEM\u00c1TICAS RESUELTAS POR CIASA, CLIMA E INGENIER\u00cdA AMBIENTAL S.A. DE C.V.<\/h2>\t\t\t\t<\/div>\n\t\t\t\t<\/div>\n\t\t\t\t<div class=\"elementor-element elementor-element-372e928f elementor-widget__width-initial elementor-widget elementor-widget-text-editor\" data-id=\"372e928f\" data-element_type=\"widget\" data-widget_type=\"text-editor.default\">\n\t\t\t\t<div class=\"elementor-widget-container\">\n\t\t\t\t\t\t\t\t\t<p style=\"text-align: center;\">Renovaci\u00f3n de equipos centrales, eliminaci\u00f3n de fallas constantes por tiempo de vida de los equipos anteriores y ahorro de energ\u00eda al contar con tecnolog\u00eda de \u00faltima generaci\u00f3n.<\/p>\t\t\t\t\t\t\t\t<\/div>\n\t\t\t\t<\/div>\n\t\t\t\t\t<\/div>\n\t\t\t\t<\/div>\n\t\t<div data-particle_enable=\"false\" data-particle-mobile-disabled=\"false\" class=\"elementor-element elementor-element-f088db8 e-con-full e-flex e-con e-parent\" data-id=\"f088db8\" data-element_type=\"container\">\n\t\t<div data-particle_enable=\"false\" data-particle-mobile-disabled=\"false\" class=\"elementor-element elementor-element-ad49681 e-con-full e-flex e-con e-child\" data-id=\"ad49681\" data-element_type=\"container\">\n\t\t<div data-particle_enable=\"false\" data-particle-mobile-disabled=\"false\" class=\"elementor-element elementor-element-597f880 e-con-full e-flex e-con e-child\" data-id=\"597f880\" data-element_type=\"container\">\n\t\t<div data-particle_enable=\"false\" data-particle-mobile-disabled=\"false\" class=\"elementor-element elementor-element-53a4d94 e-con-full e-flex e-con e-child\" data-id=\"53a4d94\" data-element_type=\"container\">\n\t\t<div data-particle_enable=\"false\" data-particle-mobile-disabled=\"false\" class=\"elementor-element elementor-element-6724d6d e-flex e-con-boxed e-con e-child\" data-id=\"6724d6d\" data-element_type=\"container\" data-settings=\"{&quot;background_background&quot;:&quot;classic&quot;}\">\n\t\t\t\t\t<div class=\"e-con-inner\">\n\t\t<div data-particle_enable=\"false\" data-particle-mobile-disabled=\"false\" class=\"elementor-element elementor-element-c2f33de e-con-full e-flex e-con e-child\" data-id=\"c2f33de\" data-element_type=\"container\">\n\t\t<div data-particle_enable=\"false\" data-particle-mobile-disabled=\"false\" class=\"elementor-element elementor-element-60858f8 e-con-full e-flex e-con e-child\" data-id=\"60858f8\" data-element_type=\"container\">\n\t\t\t\t<div class=\"elementor-element elementor-element-799bddb elementor-widget elementor-widget-image\" data-id=\"799bddb\" data-element_type=\"widget\" data-widget_type=\"image.default\">\n\t\t\t\t<div class=\"elementor-widget-container\">\n\t\t\t\t\t\t\t\t\t\t\t\t\t\t\t<img decoding=\"async\" width=\"900\" height=\"600\" src=\"https:\/\/ciasamx.com\/site-v2\/wp-content\/uploads\/2025\/03\/mantenimiento-de-sistemas-de-aire.jpg\" class=\"attachment-full size-full wp-image-3415\" alt=\"\" srcset=\"https:\/\/ciasamx.com\/site-v2\/wp-content\/uploads\/2025\/03\/mantenimiento-de-sistemas-de-aire.jpg 900w, https:\/\/ciasamx.com\/site-v2\/wp-content\/uploads\/2025\/03\/mantenimiento-de-sistemas-de-aire-300x200.jpg 300w, https:\/\/ciasamx.com\/site-v2\/wp-content\/uploads\/2025\/03\/mantenimiento-de-sistemas-de-aire-768x512.jpg 768w\" sizes=\"(max-width: 900px) 100vw, 900px\" \/>\t\t\t\t\t\t\t\t\t\t\t\t\t\t\t<\/div>\n\t\t\t\t<\/div>\n\t\t\t\t<\/div>\n\t\t<div data-particle_enable=\"false\" data-particle-mobile-disabled=\"false\" class=\"elementor-element elementor-element-5884c68 e-con-full e-flex e-con e-child\" data-id=\"5884c68\" data-element_type=\"container\">\n\t\t\t\t<div class=\"elementor-element elementor-element-5819def eael-contact-form-7-button-full-width elementor-widget elementor-widget-eael-contact-form-7\" data-id=\"5819def\" data-element_type=\"widget\" data-widget_type=\"eael-contact-form-7.default\">\n\t\t\t\t<div class=\"elementor-widget-container\">\n\t\t\t\t\t<div class=\"eael-contact-form-7-wrapper\">\n                <div class=\"eael-contact-form eael-contact-form-7 eael-contact-form-5819def placeholder-show eael-contact-form-align-default\">\n<div class=\"wpcf7 no-js\" id=\"wpcf7-f927-o1\" lang=\"es-MX\" dir=\"ltr\" data-wpcf7-id=\"927\">\n<div class=\"screen-reader-response\"><p role=\"status\" aria-live=\"polite\" aria-atomic=\"true\"><\/p> <ul><\/ul><\/div>\n<form action=\"\/site-v2\/wp-json\/wp\/v2\/pages\/1546#wpcf7-f927-o1\" method=\"post\" class=\"wpcf7-form init\" aria-label=\"Formulario de contacto\" novalidate=\"novalidate\" data-status=\"init\">\n<fieldset class=\"hidden-fields-container\"><input type=\"hidden\" name=\"_wpcf7\" value=\"927\" \/><input type=\"hidden\" name=\"_wpcf7_version\" value=\"6.1.3\" \/><input type=\"hidden\" name=\"_wpcf7_locale\" value=\"es_MX\" \/><input type=\"hidden\" name=\"_wpcf7_unit_tag\" value=\"wpcf7-f927-o1\" \/><input type=\"hidden\" name=\"_wpcf7_container_post\" value=\"0\" \/><input type=\"hidden\" name=\"_wpcf7_posted_data_hash\" value=\"\" \/><input type=\"hidden\" name=\"_wpcf7_recaptcha_response\" value=\"\" \/>\n<\/fieldset>\n<p><label> <span class=\"wpcf7-form-control-wrap\" data-name=\"your-name\"><input size=\"40\" maxlength=\"400\" class=\"wpcf7-form-control wpcf7-text wpcf7-validates-as-required\" autocomplete=\"name\" aria-required=\"true\" aria-invalid=\"false\" placeholder=\"Nombre\" value=\"\" type=\"text\" name=\"your-name\" \/><\/span> <\/label>\n<\/p>\n<p><label><span class=\"wpcf7-form-control-wrap\" data-name=\"email\"><input size=\"40\" maxlength=\"400\" class=\"wpcf7-form-control wpcf7-email wpcf7-validates-as-required wpcf7-text wpcf7-validates-as-email\" aria-required=\"true\" aria-invalid=\"false\" placeholder=\"e-mail\" value=\"\" type=\"email\" name=\"email\" \/><\/span> <\/label>\n<\/p>\n<p><label> <span class=\"wpcf7-form-control-wrap\" data-name=\"Celular\"><input size=\"40\" maxlength=\"10\" minlength=\"10\" class=\"wpcf7-form-control wpcf7-tel wpcf7-text wpcf7-validates-as-tel\" aria-invalid=\"false\" placeholder=\"Celular\" value=\"\" type=\"tel\" name=\"Celular\" \/><\/span> <\/label>\n<\/p>\n<p><label> <span class=\"wpcf7-form-control-wrap\" data-name=\"Servicios\"><select class=\"wpcf7-form-control wpcf7-select wpcf7-validates-as-required\" aria-required=\"true\" aria-invalid=\"false\" name=\"Servicios\"><option value=\"Contacto General\">Contacto General<\/option><option value=\"Ventas y Consultor\u00eda\">Ventas y Consultor\u00eda<\/option><option value=\"Proyectos\">Proyectos<\/option><option value=\"Instalaci\u00f3n\">Instalaci\u00f3n<\/option><option value=\"Mantenimiento Preventivo\">Mantenimiento Preventivo<\/option><option value=\"Mantenimiento Correctivo\">Mantenimiento Correctivo<\/option><option value=\"Soporte T\u00e9cnico\">Soporte T\u00e9cnico<\/option><option value=\"Alianzas y Distribuidores\">Alianzas y Distribuidores<\/option><option value=\"Otro\">Otro<\/option><\/select><\/span> <\/label>\n<\/p>\n<p><label> <span class=\"wpcf7-form-control-wrap\" data-name=\"text-987\"><input size=\"40\" maxlength=\"400\" class=\"wpcf7-form-control wpcf7-text\" aria-invalid=\"false\" placeholder=\"\u00bfEn qu\u00e9 podemos ayudarte?\" value=\"\" type=\"text\" name=\"text-987\" \/><\/span> <\/label>\n<\/p>\n<p><input class=\"wpcf7-form-control wpcf7-submit has-spinner\" type=\"submit\" value=\"Enviar\" \/>\n<\/p><div class=\"wpcf7-response-output\" aria-hidden=\"true\"><\/div>\n<\/form>\n<\/div>\n<\/div>\n            <\/div>\t\t\t\t<\/div>\n\t\t\t\t<\/div>\n\t\t\t\t<\/div>\n\t\t\t\t<\/div>\n\t\t\t\t\t<\/div>\n\t\t\t\t<\/div>\n\t\t\t\t<\/div>\n\t\t\t\t<\/div>\n\t\t\t\t<\/div>\n\t\t\t\t<\/div>\n\t\t\t\t<\/div>\n\t\t","protected":false},"excerpt":{"rendered":"<p>TORRE MURAL Suministro, Instalaci\u00f3n y Mantenimiento de Equipos NECESIDAD DEL CLIENTE Reemplazo de equipos enfriadores de agua helada por tiempo de vida \u00fatil de los equipos existentes. TIPO DE EQUIPO IMPLEMENTADO Chiller enfriado por aire con compresor tipo tornillo con variador de velocidad. TR INSTALADAS 600 Toneladas de Refrigeraci\u00f3n. \u00bfC\u00d3MO SE SOLUCION\u00d3 LA NECESIDAD DEL [&hellip;]<\/p>\n","protected":false},"author":1,"featured_media":0,"parent":847,"menu_order":0,"comment_status":"closed","ping_status":"closed","template":"elementor_header_footer","meta":{"om_disable_all_campaigns":false,"_monsterinsights_skip_tracking":false,"_monsterinsights_sitenote_active":false,"_monsterinsights_sitenote_note":"","_monsterinsights_sitenote_category":0,"_uf_show_specific_survey":0,"_uf_disable_surveys":false,"footnotes":""},"class_list":["post-1546","page","type-page","status-publish","hentry"],"aioseo_notices":[],"_links":{"self":[{"href":"https:\/\/ciasamx.com\/site-v2\/wp-json\/wp\/v2\/pages\/1546","targetHints":{"allow":["GET"]}}],"collection":[{"href":"https:\/\/ciasamx.com\/site-v2\/wp-json\/wp\/v2\/pages"}],"about":[{"href":"https:\/\/ciasamx.com\/site-v2\/wp-json\/wp\/v2\/types\/page"}],"author":[{"embeddable":true,"href":"https:\/\/ciasamx.com\/site-v2\/wp-json\/wp\/v2\/users\/1"}],"replies":[{"embeddable":true,"href":"https:\/\/ciasamx.com\/site-v2\/wp-json\/wp\/v2\/comments?post=1546"}],"version-history":[{"count":31,"href":"https:\/\/ciasamx.com\/site-v2\/wp-json\/wp\/v2\/pages\/1546\/revisions"}],"predecessor-version":[{"id":3841,"href":"https:\/\/ciasamx.com\/site-v2\/wp-json\/wp\/v2\/pages\/1546\/revisions\/3841"}],"up":[{"embeddable":true,"href":"https:\/\/ciasamx.com\/site-v2\/wp-json\/wp\/v2\/pages\/847"}],"wp:attachment":[{"href":"https:\/\/ciasamx.com\/site-v2\/wp-json\/wp\/v2\/media?parent=1546"}],"curies":[{"name":"wp","href":"https:\/\/api.w.org\/{rel}","templated":true}]}}