{"id":2262,"date":"2025-03-26T17:02:52","date_gmt":"2025-03-26T17:02:52","guid":{"rendered":"https:\/\/ciasamx.com\/site-v2\/?page_id=2262"},"modified":"2025-03-31T05:53:51","modified_gmt":"2025-03-31T05:53:51","slug":"torre-del-angel","status":"publish","type":"page","link":"https:\/\/ciasamx.com\/site-v2\/proyectos-lideres\/torre-del-angel\/","title":{"rendered":"TORRE DEL \u00c1NGEL"},"content":{"rendered":"\t\t<div data-elementor-type=\"wp-page\" data-elementor-id=\"2262\" class=\"elementor elementor-2262\" data-elementor-post-type=\"page\">\n\t\t\t\t<div data-particle_enable=\"false\" data-particle-mobile-disabled=\"false\" class=\"elementor-element elementor-element-7135b794 e-con-full e-flex e-con e-parent\" data-id=\"7135b794\" data-element_type=\"container\" data-settings=\"{&quot;background_background&quot;:&quot;classic&quot;}\">\n\t\t<div data-particle_enable=\"false\" data-particle-mobile-disabled=\"false\" class=\"elementor-element elementor-element-69ea61c7 e-con-full e-flex e-con e-child\" data-id=\"69ea61c7\" data-element_type=\"container\">\n\t\t\t\t<div class=\"elementor-element elementor-element-53202d3a eael-dual-header-content-align-center elementor-widget elementor-widget-eael-dual-color-header\" data-id=\"53202d3a\" data-element_type=\"widget\" data-widget_type=\"eael-dual-color-header.default\">\n\t\t\t\t<div class=\"elementor-widget-container\">\n\t\t\t\t\t\t\t\t<div class=\"eael-dual-header\">\n\t\t\t\t<h2 class=\"title eael-dch-title\"><span class=\"eael-dch-title-text eael-dch-title-lead lead solid-color\">Torre del \u00c1ngel<\/span> <span class=\"eael-dch-title-text\"><\/span><\/h2>\t\t\t\t\t<span class=\"subtext\"><p>Suministro e Instalaci\u00f3n de Equipos<\/p><\/span>\n\t\t\t\t\t\t\t\t\t<span class=\"eael-dch-svg-icon\"><\/span>\t\t\t\t\t\t\t<\/div>\n\n\t\t\t\t\t\t<\/div>\n\t\t\t\t<\/div>\n\t\t\t\t<\/div>\n\t\t<div data-particle_enable=\"false\" data-particle-mobile-disabled=\"false\" class=\"elementor-element elementor-element-6f463887 e-flex e-con-boxed e-con e-child\" data-id=\"6f463887\" data-element_type=\"container\">\n\t\t\t\t\t<div class=\"e-con-inner\">\n\t\t\t\t<div class=\"elementor-element elementor-element-5a8d44f6 elementor-widget elementor-widget-eael-flip-carousel\" data-id=\"5a8d44f6\" data-element_type=\"widget\" data-widget_type=\"eael-flip-carousel.default\">\n\t\t\t\t<div class=\"elementor-widget-container\">\n\t\t\t\t\t\t\t<div class=\"eael-flip-carousel flip-carousel-5a8d44f6 show-all\" data-style=\"flat\" data-start=\"center\" data-fadein=\"400\" data-loop=\"true\" data-autoplay=\"2000\" data-pauseonhover=\"true\" data-spacing=\"-0.6\" data-click=\"true\" data-scrollwheel=\"true\" data-touch=\"true\" data-buttons=\"\" data-buttonprev=\"\" data-buttonnext=\"\">\n\t\t\t<ul class=\"flip-items eael-flip-container\">\n\t\t\t\t\t\t\t\t\t<li class=\"eael-flip-item\">\n\t\t\t\t\t\t<img decoding=\"async\" src=\"https:\/\/ciasamx.com\/site-v2\/wp-content\/uploads\/2025\/03\/torre-del-angel.jpg\" alt=\"\">\n\t\t\t\t\t<\/li>\n\t\t\t\t\t\t\t\t\t<li class=\"eael-flip-item\">\n\t\t\t\t\t\t<img decoding=\"async\" src=\"https:\/\/ciasamx.com\/site-v2\/wp-content\/uploads\/2025\/03\/TA-01.jpg\" alt=\"\">\n\t\t\t\t\t<\/li>\n\t\t\t\t\t\t\t\t\t<li class=\"eael-flip-item\">\n\t\t\t\t\t\t<img decoding=\"async\" src=\"https:\/\/ciasamx.com\/site-v2\/wp-content\/uploads\/2025\/03\/TA-02.jpg\" alt=\"\">\n\t\t\t\t\t<\/li>\n\t\t\t\t\t\t\t\t\t<li class=\"eael-flip-item\">\n\t\t\t\t\t\t<img decoding=\"async\" src=\"https:\/\/ciasamx.com\/site-v2\/wp-content\/uploads\/2025\/03\/TA-03.jpg\" alt=\"\">\n\t\t\t\t\t<\/li>\n\t\t\t\t\t\t\t\t\t<li class=\"eael-flip-item\">\n\t\t\t\t\t\t<img decoding=\"async\" src=\"https:\/\/ciasamx.com\/site-v2\/wp-content\/uploads\/2025\/03\/TA-04.jpg\" alt=\"\">\n\t\t\t\t\t<\/li>\n\t\t\t\t\t\t\t<\/ul>\n\t\t<\/div>\n\t\t\t\t\t\t<\/div>\n\t\t\t\t<\/div>\n\t\t\t\t\t<\/div>\n\t\t\t\t<\/div>\n\t\t\t\t<\/div>\n\t\t<div data-particle_enable=\"false\" data-particle-mobile-disabled=\"false\" class=\"elementor-element elementor-element-4cce1dc3 e-flex e-con-boxed e-con e-parent\" data-id=\"4cce1dc3\" data-element_type=\"container\" data-settings=\"{&quot;background_background&quot;:&quot;classic&quot;}\">\n\t\t\t\t\t<div class=\"e-con-inner\">\n\t\t\t\t<div class=\"elementor-element elementor-element-6b76e93b elementor-widget__width-initial elementor-hidden-mobile elementor-widget elementor-widget-image\" data-id=\"6b76e93b\" data-element_type=\"widget\" data-widget_type=\"image.default\">\n\t\t\t\t<div class=\"elementor-widget-container\">\n\t\t\t\t\t\t\t\t\t\t\t\t\t\t\t<img fetchpriority=\"high\" decoding=\"async\" width=\"800\" height=\"800\" src=\"https:\/\/ciasamx.com\/site-v2\/wp-content\/uploads\/2025\/03\/torre-del-angel-cdmx-1024x1024.jpg\" class=\"attachment-large size-large wp-image-3835\" alt=\"\" srcset=\"https:\/\/ciasamx.com\/site-v2\/wp-content\/uploads\/2025\/03\/torre-del-angel-cdmx-1024x1024.jpg 1024w, https:\/\/ciasamx.com\/site-v2\/wp-content\/uploads\/2025\/03\/torre-del-angel-cdmx-300x300.jpg 300w, https:\/\/ciasamx.com\/site-v2\/wp-content\/uploads\/2025\/03\/torre-del-angel-cdmx-150x150.jpg 150w, https:\/\/ciasamx.com\/site-v2\/wp-content\/uploads\/2025\/03\/torre-del-angel-cdmx-768x768.jpg 768w, https:\/\/ciasamx.com\/site-v2\/wp-content\/uploads\/2025\/03\/torre-del-angel-cdmx.jpg 1080w\" sizes=\"(max-width: 800px) 100vw, 800px\" \/>\t\t\t\t\t\t\t\t\t\t\t\t\t\t\t<\/div>\n\t\t\t\t<\/div>\n\t\t<div data-particle_enable=\"false\" data-particle-mobile-disabled=\"false\" class=\"elementor-element elementor-element-487db542 e-con-full e-flex e-con e-child\" data-id=\"487db542\" data-element_type=\"container\">\n\t\t\t\t<div class=\"elementor-element elementor-element-5bc4edb7 elementor-widget elementor-widget-heading\" data-id=\"5bc4edb7\" data-element_type=\"widget\" data-widget_type=\"heading.default\">\n\t\t\t\t<div class=\"elementor-widget-container\">\n\t\t\t\t\t<h2 class=\"elementor-heading-title elementor-size-default\">NECESIDAD DEL CLIENTE<\/h2>\t\t\t\t<\/div>\n\t\t\t\t<\/div>\n\t\t\t\t<div class=\"elementor-element elementor-element-6cea779d elementor-widget elementor-widget-text-editor\" data-id=\"6cea779d\" data-element_type=\"widget\" data-widget_type=\"text-editor.default\">\n\t\t\t\t<div class=\"elementor-widget-container\">\n\t\t\t\t\t\t\t\t\t<p>Reemplazo de equipos enfriadores de agua helada por tiempo de vida \u00fatil de los equipos existentes.<\/p>\t\t\t\t\t\t\t\t<\/div>\n\t\t\t\t<\/div>\n\t\t\t\t<div class=\"elementor-element elementor-element-e78aaf3 elementor-widget elementor-widget-spacer\" data-id=\"e78aaf3\" data-element_type=\"widget\" data-widget_type=\"spacer.default\">\n\t\t\t\t<div class=\"elementor-widget-container\">\n\t\t\t\t\t\t\t<div class=\"elementor-spacer\">\n\t\t\t<div class=\"elementor-spacer-inner\"><\/div>\n\t\t<\/div>\n\t\t\t\t\t\t<\/div>\n\t\t\t\t<\/div>\n\t\t\t\t<\/div>\n\t\t\t\t\t<\/div>\n\t\t\t\t<\/div>\n\t\t<div data-particle_enable=\"false\" data-particle-mobile-disabled=\"false\" class=\"elementor-element elementor-element-3c232561 e-flex e-con-boxed e-con e-parent\" data-id=\"3c232561\" data-element_type=\"container\">\n\t\t\t\t\t<div class=\"e-con-inner\">\n\t\t<div data-particle_enable=\"false\" data-particle-mobile-disabled=\"false\" class=\"elementor-element elementor-element-5aa1082c e-con-full e-flex e-con e-child\" data-id=\"5aa1082c\" data-element_type=\"container\" data-settings=\"{&quot;background_background&quot;:&quot;classic&quot;}\">\n\t\t<div data-particle_enable=\"false\" data-particle-mobile-disabled=\"false\" class=\"elementor-element elementor-element-66434045 e-con-full e-flex e-con e-child\" data-id=\"66434045\" data-element_type=\"container\">\n\t\t\t\t<div class=\"elementor-element elementor-element-510cfcc4 elementor-widget elementor-widget-heading\" data-id=\"510cfcc4\" data-element_type=\"widget\" data-widget_type=\"heading.default\">\n\t\t\t\t<div class=\"elementor-widget-container\">\n\t\t\t\t\t<h2 class=\"elementor-heading-title elementor-size-default\">TIPO DE EQUIPO IMPLEMENTADO<\/h2>\t\t\t\t<\/div>\n\t\t\t\t<\/div>\n\t\t\t\t<div class=\"elementor-element elementor-element-158e5371 elementor-widget elementor-widget-text-editor\" data-id=\"158e5371\" data-element_type=\"widget\" data-widget_type=\"text-editor.default\">\n\t\t\t\t<div class=\"elementor-widget-container\">\n\t\t\t\t\t\t\t\t\t<p>3 Equipos Chiller de 200 TR \u00a0y 5 bombas centr\u00edfugas.<\/p>\t\t\t\t\t\t\t\t<\/div>\n\t\t\t\t<\/div>\n\t\t\t\t<div class=\"elementor-element elementor-element-2ea33d26 elementor-widget elementor-widget-heading\" data-id=\"2ea33d26\" data-element_type=\"widget\" data-widget_type=\"heading.default\">\n\t\t\t\t<div class=\"elementor-widget-container\">\n\t\t\t\t\t<h2 class=\"elementor-heading-title elementor-size-default\">TR INSTALADAS<\/h2>\t\t\t\t<\/div>\n\t\t\t\t<\/div>\n\t\t\t\t<div class=\"elementor-element elementor-element-33073059 elementor-widget elementor-widget-text-editor\" data-id=\"33073059\" data-element_type=\"widget\" data-widget_type=\"text-editor.default\">\n\t\t\t\t<div class=\"elementor-widget-container\">\n\t\t\t\t\t\t\t\t\t<p>600 Toneladas de Refrigeraci\u00f3n.<\/p>\t\t\t\t\t\t\t\t<\/div>\n\t\t\t\t<\/div>\n\t\t\t\t<\/div>\n\t\t\t\t<\/div>\n\t\t<div data-particle_enable=\"false\" data-particle-mobile-disabled=\"false\" class=\"elementor-element elementor-element-24585a96 e-con-full e-flex e-con e-child\" data-id=\"24585a96\" data-element_type=\"container\">\n\t\t\t\t<div class=\"elementor-element elementor-element-406de30d elementor-widget elementor-widget-heading\" data-id=\"406de30d\" data-element_type=\"widget\" data-widget_type=\"heading.default\">\n\t\t\t\t<div class=\"elementor-widget-container\">\n\t\t\t\t\t<h2 class=\"elementor-heading-title elementor-size-default\">\u00bfC\u00d3MO SE SOLUCION\u00d3 LA NECESIDAD DEL CLIENTE?<\/h2>\t\t\t\t<\/div>\n\t\t\t\t<\/div>\n\t\t\t\t<div class=\"elementor-element elementor-element-2516e91 elementor-widget elementor-widget-text-editor\" data-id=\"2516e91\" data-element_type=\"widget\" data-widget_type=\"text-editor.default\">\n\t\t\t\t<div class=\"elementor-widget-container\">\n\t\t\t\t\t\t\t\t\t<p>Venta e instalaci\u00f3n de equipo tipo Chiller para sustituir los equipos actuales.<\/p>\t\t\t\t\t\t\t\t<\/div>\n\t\t\t\t<\/div>\n\t\t\t\t<\/div>\n\t\t\t\t\t<\/div>\n\t\t\t\t<\/div>\n\t\t<div data-particle_enable=\"false\" data-particle-mobile-disabled=\"false\" class=\"elementor-element elementor-element-679053d2 e-con-full e-flex e-con e-parent\" data-id=\"679053d2\" data-element_type=\"container\">\n\t\t\t\t<div class=\"elementor-element elementor-element-3d2e48e3 elementor-arrows-position-inside elementor-pagination-position-outside elementor-widget elementor-widget-image-carousel\" data-id=\"3d2e48e3\" data-element_type=\"widget\" data-settings=\"{&quot;slides_to_show&quot;:&quot;1&quot;,&quot;navigation&quot;:&quot;both&quot;,&quot;autoplay&quot;:&quot;yes&quot;,&quot;pause_on_hover&quot;:&quot;yes&quot;,&quot;pause_on_interaction&quot;:&quot;yes&quot;,&quot;autoplay_speed&quot;:5000,&quot;infinite&quot;:&quot;yes&quot;,&quot;effect&quot;:&quot;slide&quot;,&quot;speed&quot;:500}\" data-widget_type=\"image-carousel.default\">\n\t\t\t\t<div class=\"elementor-widget-container\">\n\t\t\t\t\t\t\t<div class=\"elementor-image-carousel-wrapper swiper\" role=\"region\" aria-roledescription=\"carousel\" aria-label=\"Carrusel de Im\u00e1genes\" dir=\"ltr\">\n\t\t\t<div class=\"elementor-image-carousel swiper-wrapper\" aria-live=\"off\">\n\t\t\t\t\t\t\t\t<div class=\"swiper-slide\" role=\"group\" aria-roledescription=\"slide\" aria-label=\"1 de 4\"><figure class=\"swiper-slide-inner\"><img decoding=\"async\" class=\"swiper-slide-image\" src=\"https:\/\/ciasamx.com\/site-v2\/wp-content\/uploads\/2025\/03\/torre-del-angel-01.jpg\" alt=\"torre-del-angel-01\" \/><\/figure><\/div><div class=\"swiper-slide\" role=\"group\" aria-roledescription=\"slide\" aria-label=\"2 de 4\"><figure class=\"swiper-slide-inner\"><img decoding=\"async\" class=\"swiper-slide-image\" src=\"https:\/\/ciasamx.com\/site-v2\/wp-content\/uploads\/2025\/03\/Torre-del-Angel-01-1.jpg\" alt=\"Torre-del-Angel-01\" \/><\/figure><\/div><div class=\"swiper-slide\" role=\"group\" aria-roledescription=\"slide\" aria-label=\"3 de 4\"><figure class=\"swiper-slide-inner\"><img decoding=\"async\" class=\"swiper-slide-image\" src=\"https:\/\/ciasamx.com\/site-v2\/wp-content\/uploads\/2025\/03\/Torre-del-Angel-03.jpg\" alt=\"Torre-del-Angel-03\" \/><\/figure><\/div><div class=\"swiper-slide\" role=\"group\" aria-roledescription=\"slide\" aria-label=\"4 de 4\"><figure class=\"swiper-slide-inner\"><img decoding=\"async\" class=\"swiper-slide-image\" src=\"https:\/\/ciasamx.com\/site-v2\/wp-content\/uploads\/2025\/03\/Torre-del-Angel-012jpg.jpg\" alt=\"Torre-del-Angel-012jpg\" \/><\/figure><\/div>\t\t\t<\/div>\n\t\t\t\t\t\t\t\t\t\t\t\t<div class=\"elementor-swiper-button elementor-swiper-button-prev\" role=\"button\" tabindex=\"0\">\n\t\t\t\t\t\t<svg aria-hidden=\"true\" class=\"e-font-icon-svg e-fas-arrow-alt-circle-left\" viewBox=\"0 0 512 512\" xmlns=\"http:\/\/www.w3.org\/2000\/svg\"><path d=\"M256 504C119 504 8 393 8 256S119 8 256 8s248 111 248 248-111 248-248 248zm116-292H256v-70.9c0-10.7-13-16.1-20.5-8.5L121.2 247.5c-4.7 4.7-4.7 12.2 0 16.9l114.3 114.9c7.6 7.6 20.5 2.2 20.5-8.5V300h116c6.6 0 12-5.4 12-12v-64c0-6.6-5.4-12-12-12z\"><\/path><\/svg>\t\t\t\t\t<\/div>\n\t\t\t\t\t<div class=\"elementor-swiper-button elementor-swiper-button-next\" role=\"button\" tabindex=\"0\">\n\t\t\t\t\t\t<svg aria-hidden=\"true\" class=\"e-font-icon-svg e-fas-arrow-alt-circle-right\" viewBox=\"0 0 512 512\" xmlns=\"http:\/\/www.w3.org\/2000\/svg\"><path d=\"M256 8c137 0 248 111 248 248S393 504 256 504 8 393 8 256 119 8 256 8zM140 300h116v70.9c0 10.7 13 16.1 20.5 8.5l114.3-114.9c4.7-4.7 4.7-12.2 0-16.9l-114.3-115c-7.6-7.6-20.5-2.2-20.5 8.5V212H140c-6.6 0-12 5.4-12 12v64c0 6.6 5.4 12 12 12z\"><\/path><\/svg>\t\t\t\t\t<\/div>\n\t\t\t\t\n\t\t\t\t\t\t\t\t\t<div class=\"swiper-pagination\"><\/div>\n\t\t\t\t\t\t\t\t\t<\/div>\n\t\t\t\t\t\t<\/div>\n\t\t\t\t<\/div>\n\t\t\t\t<\/div>\n\t\t<div data-particle_enable=\"false\" data-particle-mobile-disabled=\"false\" class=\"elementor-element elementor-element-718eca9a e-flex e-con-boxed e-con e-parent\" data-id=\"718eca9a\" data-element_type=\"container\">\n\t\t\t\t\t<div class=\"e-con-inner\">\n\t\t\t\t<div class=\"elementor-element elementor-element-76054176 elementor-widget elementor-widget-heading\" data-id=\"76054176\" data-element_type=\"widget\" data-widget_type=\"heading.default\">\n\t\t\t\t<div class=\"elementor-widget-container\">\n\t\t\t\t\t<h2 class=\"elementor-heading-title elementor-size-default\">PROBLEM\u00c1TICAS RESUELTAS POR CIASA, CLIMA E INGENIER\u00cdA AMBIENTAL S.A. DE C.V.<\/h2>\t\t\t\t<\/div>\n\t\t\t\t<\/div>\n\t\t\t\t<div class=\"elementor-element elementor-element-722c2d70 elementor-widget elementor-widget-text-editor\" data-id=\"722c2d70\" data-element_type=\"widget\" data-widget_type=\"text-editor.default\">\n\t\t\t\t<div class=\"elementor-widget-container\">\n\t\t\t\t\t\t\t\t\t<p style=\"text-align: center;\">Renovaci\u00f3n de equipos centrales, eliminaci\u00f3n de fallas constantes por tiempo de vida de los equipos anteriores. Ahorro de energ\u00eda al contar con tecnolog\u00eda de \u00faltima generaci\u00f3n.<\/p>\t\t\t\t\t\t\t\t<\/div>\n\t\t\t\t<\/div>\n\t\t\t\t\t<\/div>\n\t\t\t\t<\/div>\n\t\t<div data-particle_enable=\"false\" data-particle-mobile-disabled=\"false\" class=\"elementor-element elementor-element-1c062ba e-con-full e-flex e-con e-parent\" data-id=\"1c062ba\" data-element_type=\"container\">\n\t\t<div data-particle_enable=\"false\" data-particle-mobile-disabled=\"false\" class=\"elementor-element elementor-element-f9a0935 e-con-full e-flex e-con e-child\" data-id=\"f9a0935\" data-element_type=\"container\">\n\t\t<div data-particle_enable=\"false\" data-particle-mobile-disabled=\"false\" class=\"elementor-element elementor-element-e7d5380 e-con-full e-flex e-con e-child\" data-id=\"e7d5380\" data-element_type=\"container\">\n\t\t<div data-particle_enable=\"false\" data-particle-mobile-disabled=\"false\" class=\"elementor-element elementor-element-6c2256e e-con-full e-flex e-con e-child\" data-id=\"6c2256e\" data-element_type=\"container\">\n\t\t<div data-particle_enable=\"false\" data-particle-mobile-disabled=\"false\" class=\"elementor-element elementor-element-2c5b214 e-flex e-con-boxed e-con e-child\" data-id=\"2c5b214\" data-element_type=\"container\" data-settings=\"{&quot;background_background&quot;:&quot;classic&quot;}\">\n\t\t\t\t\t<div class=\"e-con-inner\">\n\t\t<div data-particle_enable=\"false\" data-particle-mobile-disabled=\"false\" class=\"elementor-element elementor-element-6d7bec5 e-con-full e-flex e-con e-child\" data-id=\"6d7bec5\" data-element_type=\"container\">\n\t\t<div data-particle_enable=\"false\" data-particle-mobile-disabled=\"false\" class=\"elementor-element elementor-element-41f1860 e-con-full e-flex e-con e-child\" data-id=\"41f1860\" data-element_type=\"container\">\n\t\t\t\t<div class=\"elementor-element elementor-element-bb965f2 elementor-widget elementor-widget-image\" data-id=\"bb965f2\" data-element_type=\"widget\" data-widget_type=\"image.default\">\n\t\t\t\t<div class=\"elementor-widget-container\">\n\t\t\t\t\t\t\t\t\t\t\t\t\t\t\t<img decoding=\"async\" width=\"900\" height=\"600\" src=\"https:\/\/ciasamx.com\/site-v2\/wp-content\/uploads\/2025\/03\/instalacion-de-sistemas-de-enfriamiento.jpg\" class=\"attachment-full size-full wp-image-3411\" alt=\"\" srcset=\"https:\/\/ciasamx.com\/site-v2\/wp-content\/uploads\/2025\/03\/instalacion-de-sistemas-de-enfriamiento.jpg 900w, https:\/\/ciasamx.com\/site-v2\/wp-content\/uploads\/2025\/03\/instalacion-de-sistemas-de-enfriamiento-300x200.jpg 300w, https:\/\/ciasamx.com\/site-v2\/wp-content\/uploads\/2025\/03\/instalacion-de-sistemas-de-enfriamiento-768x512.jpg 768w\" sizes=\"(max-width: 900px) 100vw, 900px\" \/>\t\t\t\t\t\t\t\t\t\t\t\t\t\t\t<\/div>\n\t\t\t\t<\/div>\n\t\t\t\t<\/div>\n\t\t<div data-particle_enable=\"false\" data-particle-mobile-disabled=\"false\" class=\"elementor-element elementor-element-1bf46bc e-con-full e-flex e-con e-child\" data-id=\"1bf46bc\" data-element_type=\"container\">\n\t\t\t\t<div class=\"elementor-element elementor-element-438633c eael-contact-form-7-button-full-width elementor-widget elementor-widget-eael-contact-form-7\" data-id=\"438633c\" data-element_type=\"widget\" data-widget_type=\"eael-contact-form-7.default\">\n\t\t\t\t<div class=\"elementor-widget-container\">\n\t\t\t\t\t<div class=\"eael-contact-form-7-wrapper\">\n                <div class=\"eael-contact-form eael-contact-form-7 eael-contact-form-438633c placeholder-show eael-contact-form-align-default\">\n<div class=\"wpcf7 no-js\" id=\"wpcf7-f927-o1\" lang=\"es-MX\" dir=\"ltr\" data-wpcf7-id=\"927\">\n<div class=\"screen-reader-response\"><p role=\"status\" aria-live=\"polite\" aria-atomic=\"true\"><\/p> <ul><\/ul><\/div>\n<form action=\"\/site-v2\/wp-json\/wp\/v2\/pages\/2262#wpcf7-f927-o1\" method=\"post\" class=\"wpcf7-form init\" aria-label=\"Formulario de contacto\" novalidate=\"novalidate\" data-status=\"init\">\n<fieldset class=\"hidden-fields-container\"><input type=\"hidden\" name=\"_wpcf7\" value=\"927\" \/><input type=\"hidden\" name=\"_wpcf7_version\" value=\"6.1.3\" \/><input type=\"hidden\" name=\"_wpcf7_locale\" value=\"es_MX\" \/><input type=\"hidden\" name=\"_wpcf7_unit_tag\" value=\"wpcf7-f927-o1\" \/><input type=\"hidden\" name=\"_wpcf7_container_post\" value=\"0\" \/><input type=\"hidden\" name=\"_wpcf7_posted_data_hash\" value=\"\" \/><input type=\"hidden\" name=\"_wpcf7_recaptcha_response\" value=\"\" \/>\n<\/fieldset>\n<p><label> <span class=\"wpcf7-form-control-wrap\" data-name=\"your-name\"><input size=\"40\" maxlength=\"400\" class=\"wpcf7-form-control wpcf7-text wpcf7-validates-as-required\" autocomplete=\"name\" aria-required=\"true\" aria-invalid=\"false\" placeholder=\"Nombre\" value=\"\" type=\"text\" name=\"your-name\" \/><\/span> <\/label>\n<\/p>\n<p><label><span class=\"wpcf7-form-control-wrap\" data-name=\"email\"><input size=\"40\" maxlength=\"400\" class=\"wpcf7-form-control wpcf7-email wpcf7-validates-as-required wpcf7-text wpcf7-validates-as-email\" aria-required=\"true\" aria-invalid=\"false\" placeholder=\"e-mail\" value=\"\" type=\"email\" name=\"email\" \/><\/span> <\/label>\n<\/p>\n<p><label> <span class=\"wpcf7-form-control-wrap\" data-name=\"Celular\"><input size=\"40\" maxlength=\"10\" minlength=\"10\" class=\"wpcf7-form-control wpcf7-tel wpcf7-text wpcf7-validates-as-tel\" aria-invalid=\"false\" placeholder=\"Celular\" value=\"\" type=\"tel\" name=\"Celular\" \/><\/span> <\/label>\n<\/p>\n<p><label> <span class=\"wpcf7-form-control-wrap\" data-name=\"Servicios\"><select class=\"wpcf7-form-control wpcf7-select wpcf7-validates-as-required\" aria-required=\"true\" aria-invalid=\"false\" name=\"Servicios\"><option value=\"Contacto General\">Contacto General<\/option><option value=\"Ventas y Consultor\u00eda\">Ventas y Consultor\u00eda<\/option><option value=\"Proyectos\">Proyectos<\/option><option value=\"Instalaci\u00f3n\">Instalaci\u00f3n<\/option><option value=\"Mantenimiento Preventivo\">Mantenimiento Preventivo<\/option><option value=\"Mantenimiento Correctivo\">Mantenimiento Correctivo<\/option><option value=\"Soporte T\u00e9cnico\">Soporte T\u00e9cnico<\/option><option value=\"Alianzas y Distribuidores\">Alianzas y Distribuidores<\/option><option value=\"Otro\">Otro<\/option><\/select><\/span> <\/label>\n<\/p>\n<p><label> <span class=\"wpcf7-form-control-wrap\" data-name=\"text-987\"><input size=\"40\" maxlength=\"400\" class=\"wpcf7-form-control wpcf7-text\" aria-invalid=\"false\" placeholder=\"\u00bfEn qu\u00e9 podemos ayudarte?\" value=\"\" type=\"text\" name=\"text-987\" \/><\/span> <\/label>\n<\/p>\n<p><input class=\"wpcf7-form-control wpcf7-submit has-spinner\" type=\"submit\" value=\"Enviar\" \/>\n<\/p><div class=\"wpcf7-response-output\" aria-hidden=\"true\"><\/div>\n<\/form>\n<\/div>\n<\/div>\n            <\/div>\t\t\t\t<\/div>\n\t\t\t\t<\/div>\n\t\t\t\t<\/div>\n\t\t\t\t<\/div>\n\t\t\t\t\t<\/div>\n\t\t\t\t<\/div>\n\t\t\t\t<\/div>\n\t\t\t\t<\/div>\n\t\t\t\t<\/div>\n\t\t\t\t<\/div>\n\t\t\t\t<\/div>\n\t\t","protected":false},"excerpt":{"rendered":"<p>Torre del \u00c1ngel Suministro e Instalaci\u00f3n de Equipos NECESIDAD DEL CLIENTE Reemplazo de equipos enfriadores de agua helada por tiempo de vida \u00fatil de los equipos existentes. TIPO DE EQUIPO IMPLEMENTADO 3 Equipos Chiller de 200 TR \u00a0y 5 bombas centr\u00edfugas. TR INSTALADAS 600 Toneladas de Refrigeraci\u00f3n. \u00bfC\u00d3MO SE SOLUCION\u00d3 LA NECESIDAD DEL CLIENTE? Venta [&hellip;]<\/p>\n","protected":false},"author":1,"featured_media":0,"parent":847,"menu_order":0,"comment_status":"closed","ping_status":"closed","template":"elementor_header_footer","meta":{"om_disable_all_campaigns":false,"_monsterinsights_skip_tracking":false,"_monsterinsights_sitenote_active":false,"_monsterinsights_sitenote_note":"","_monsterinsights_sitenote_category":0,"_uf_show_specific_survey":0,"_uf_disable_surveys":false,"footnotes":""},"class_list":["post-2262","page","type-page","status-publish","hentry"],"aioseo_notices":[],"_links":{"self":[{"href":"https:\/\/ciasamx.com\/site-v2\/wp-json\/wp\/v2\/pages\/2262","targetHints":{"allow":["GET"]}}],"collection":[{"href":"https:\/\/ciasamx.com\/site-v2\/wp-json\/wp\/v2\/pages"}],"about":[{"href":"https:\/\/ciasamx.com\/site-v2\/wp-json\/wp\/v2\/types\/page"}],"author":[{"embeddable":true,"href":"https:\/\/ciasamx.com\/site-v2\/wp-json\/wp\/v2\/users\/1"}],"replies":[{"embeddable":true,"href":"https:\/\/ciasamx.com\/site-v2\/wp-json\/wp\/v2\/comments?post=2262"}],"version-history":[{"count":43,"href":"https:\/\/ciasamx.com\/site-v2\/wp-json\/wp\/v2\/pages\/2262\/revisions"}],"predecessor-version":[{"id":3838,"href":"https:\/\/ciasamx.com\/site-v2\/wp-json\/wp\/v2\/pages\/2262\/revisions\/3838"}],"up":[{"embeddable":true,"href":"https:\/\/ciasamx.com\/site-v2\/wp-json\/wp\/v2\/pages\/847"}],"wp:attachment":[{"href":"https:\/\/ciasamx.com\/site-v2\/wp-json\/wp\/v2\/media?parent=2262"}],"curies":[{"name":"wp","href":"https:\/\/api.w.org\/{rel}","templated":true}]}}