{"id":847,"date":"2025-03-06T01:46:16","date_gmt":"2025-03-06T01:46:16","guid":{"rendered":"https:\/\/ciasamx.com\/site-v2\/?page_id=847"},"modified":"2025-03-30T21:26:27","modified_gmt":"2025-03-30T21:26:27","slug":"proyectos-lideres","status":"publish","type":"page","link":"https:\/\/ciasamx.com\/site-v2\/proyectos-lideres\/","title":{"rendered":"Proyectos L\u00edderes"},"content":{"rendered":"\t\t<div data-elementor-type=\"wp-page\" data-elementor-id=\"847\" class=\"elementor elementor-847\" data-elementor-post-type=\"page\">\n\t\t\t\t<div data-particle_enable=\"false\" data-particle-mobile-disabled=\"false\" class=\"elementor-element elementor-element-b1c4682 e-con-full e-flex e-con e-parent\" data-id=\"b1c4682\" data-element_type=\"container\" data-settings=\"{&quot;background_background&quot;:&quot;classic&quot;}\">\n\t\t<div data-particle_enable=\"false\" data-particle-mobile-disabled=\"false\" class=\"elementor-element elementor-element-11412a8 e-flex e-con-boxed e-con e-child\" data-id=\"11412a8\" data-element_type=\"container\">\n\t\t\t\t\t<div class=\"e-con-inner\">\n\t\t\t\t<div class=\"elementor-element elementor-element-5613126 elementor-widget elementor-widget-spacer\" data-id=\"5613126\" data-element_type=\"widget\" data-widget_type=\"spacer.default\">\n\t\t\t\t<div class=\"elementor-widget-container\">\n\t\t\t\t\t\t\t<div class=\"elementor-spacer\">\n\t\t\t<div class=\"elementor-spacer-inner\"><\/div>\n\t\t<\/div>\n\t\t\t\t\t\t<\/div>\n\t\t\t\t<\/div>\n\t\t\t\t<div class=\"elementor-element elementor-element-22c30a0 elementor-widget elementor-widget-heading\" data-id=\"22c30a0\" data-element_type=\"widget\" data-widget_type=\"heading.default\">\n\t\t\t\t<div class=\"elementor-widget-container\">\n\t\t\t\t\t<h2 class=\"elementor-heading-title elementor-size-default\">\u00bfTu sistema de aire acondicionado protege o pone en riesgo la salud de tus colaboradores?<\/h2>\t\t\t\t<\/div>\n\t\t\t\t<\/div>\n\t\t\t\t<div class=\"elementor-element elementor-element-3de043e elementor-widget elementor-widget-text-editor\" data-id=\"3de043e\" data-element_type=\"widget\" data-widget_type=\"text-editor.default\">\n\t\t\t\t<div class=\"elementor-widget-container\">\n\t\t\t\t\t\t\t\t\t<p>La climatizaci\u00f3n no es solo confort, es eficiencia, ahorro y sustentabilidad. En CIASA transformamos espacios con soluciones HVAC inteligentes, dise\u00f1adas para maximizar el rendimiento y minimizar costos. Descubre c\u00f3mo nuestra ingenier\u00eda de vanguardia, instalaci\u00f3n experta y mantenimiento estrat\u00e9gico pueden elevar tu proyecto al siguiente nivel.\u00a0<\/p>\t\t\t\t\t\t\t\t<\/div>\n\t\t\t\t<\/div>\n\t\t\t\t<div class=\"elementor-element elementor-element-d3578a4 elementor-grid-eael-col-2 elementor-grid-tablet-eael-col-2 elementor-grid-mobile-eael-col-1 elementor-widget elementor-widget-eael-post-grid\" data-id=\"d3578a4\" data-element_type=\"widget\" data-settings=\"{&quot;eael_post_grid_columns&quot;:&quot;eael-col-2&quot;,&quot;eael_post_grid_columns_tablet&quot;:&quot;eael-col-2&quot;,&quot;eael_post_grid_columns_mobile&quot;:&quot;eael-col-1&quot;}\" data-widget_type=\"eael-post-grid.default\">\n\t\t\t\t<div class=\"elementor-widget-container\">\n\t\t\t\t\t<div id=\"eael-post-grid-d3578a4\" class=\"eael-post-grid-container\">\n            <div class=\"eael-post-grid eael-post-appender eael-post-appender-d3578a4 eael-post-grid-style-two\" data-layout-mode=\"masonry\"><article class=\"eael-grid-post eael-post-grid-column\" data-id=\"2202\">\n    <div class=\"eael-grid-post-holder\">\n        <div class=\"eael-grid-post-holder-inner\"><div class=\"eael-entry-wrapper\"><header class=\"eael-entry-header\"><h2 class=\"eael-entry-title\"><a class=\"eael-grid-post-link\" href=\"https:\/\/ciasamx.com\/site-v2\/proyectos-lideres\/cisco\/\" title=\"CISCO\">CISCO<\/a><\/h2><\/header><div class=\"eael-entry-content\">\n                                <div class=\"eael-grid-post-excerpt\"><p>CISCO Mantenimiento de Equipos NECESIDAD DEL CLIENTE Mantener en \u00f3ptimas...<\/p><a href=\"https:\/\/ciasamx.com\/site-v2\/proyectos-lideres\/cisco\/\" class=\"eael-post-elements-readmore-btn\">Leer m\u00e1s<\/a><\/div>\n                            <\/div><\/div><\/div>\n    <\/div>\n<\/article><article class=\"eael-grid-post eael-post-grid-column\" data-id=\"2172\">\n    <div class=\"eael-grid-post-holder\">\n        <div class=\"eael-grid-post-holder-inner\"><div class=\"eael-entry-wrapper\"><header class=\"eael-entry-header\"><h2 class=\"eael-entry-title\"><a class=\"eael-grid-post-link\" href=\"https:\/\/ciasamx.com\/site-v2\/proyectos-lideres\/farmacia-san-pablo-cedis\/\" title=\"FARMACIA SAN PABLO \/ CEDIS\">FARMACIA SAN PABLO \/ CEDIS<\/a><\/h2><\/header><div class=\"eael-entry-content\">\n                                <div class=\"eael-grid-post-excerpt\"><p>FARMACIA SAN PABLO \/ CEDIS Suministro de Equipos NECESIDAD DEL...<\/p><a href=\"https:\/\/ciasamx.com\/site-v2\/proyectos-lideres\/farmacia-san-pablo-cedis\/\" class=\"eael-post-elements-readmore-btn\">Leer m\u00e1s<\/a><\/div>\n                            <\/div><\/div><\/div>\n    <\/div>\n<\/article><article class=\"eael-grid-post eael-post-grid-column\" data-id=\"849\">\n    <div class=\"eael-grid-post-holder\">\n        <div class=\"eael-grid-post-holder-inner\"><div class=\"eael-entry-wrapper\"><header class=\"eael-entry-header\"><h2 class=\"eael-entry-title\"><a class=\"eael-grid-post-link\" href=\"https:\/\/ciasamx.com\/site-v2\/proyectos-lideres\/icave-hutchisonports-nuevo-puerto-de-veracruz\/\" title=\"ICAVE \u2013 HUTCHISONPORTS \u2013 NUEVO PUERTO DE VERACRUZ\u00a0\">ICAVE \u2013 HUTCHISONPORTS \u2013 NUEVO PUERTO DE VERACRUZ\u00a0<\/a><\/h2><\/header><div class=\"eael-entry-content\">\n                                <div class=\"eael-grid-post-excerpt\"><p>ICAVE NUEVO PUERTO DE VERACRUZ Ingenier\u00eda, Suministro e Instalaci\u00f3n de...<\/p><a href=\"https:\/\/ciasamx.com\/site-v2\/proyectos-lideres\/icave-hutchisonports-nuevo-puerto-de-veracruz\/\" class=\"eael-post-elements-readmore-btn\">Leer m\u00e1s<\/a><\/div>\n                            <\/div><\/div><\/div>\n    <\/div>\n<\/article><article class=\"eael-grid-post eael-post-grid-column\" data-id=\"909\">\n    <div class=\"eael-grid-post-holder\">\n        <div class=\"eael-grid-post-holder-inner\"><div class=\"eael-entry-media\"><div class=\"eael-entry-overlay fade-in\"><i class=\"fas fa-long-arrow-alt-right\" aria-hidden=\"true\"><\/i><a href=\"https:\/\/ciasamx.com\/site-v2\/proyectos-lideres\/sports-world-feliz-cuevas\/\"><\/a><\/div><div class=\"eael-entry-thumbnail \">\n                            <img fetchpriority=\"high\" decoding=\"async\" width=\"1920\" height=\"1080\" src=\"https:\/\/ciasamx.com\/site-v2\/wp-content\/uploads\/2025\/03\/Sports-World-01.jpg\" class=\"attachment-full size-full wp-image-1626\" alt=\"\" srcset=\"https:\/\/ciasamx.com\/site-v2\/wp-content\/uploads\/2025\/03\/Sports-World-01.jpg 1920w, https:\/\/ciasamx.com\/site-v2\/wp-content\/uploads\/2025\/03\/Sports-World-01-300x169.jpg 300w, https:\/\/ciasamx.com\/site-v2\/wp-content\/uploads\/2025\/03\/Sports-World-01-1024x576.jpg 1024w, https:\/\/ciasamx.com\/site-v2\/wp-content\/uploads\/2025\/03\/Sports-World-01-768x432.jpg 768w, https:\/\/ciasamx.com\/site-v2\/wp-content\/uploads\/2025\/03\/Sports-World-01-1536x864.jpg 1536w\" sizes=\"(max-width: 1920px) 100vw, 1920px\" \/>\n                            <\/div>\n                    <\/div><div class=\"eael-entry-wrapper\"><header class=\"eael-entry-header\"><h2 class=\"eael-entry-title\"><a class=\"eael-grid-post-link\" href=\"https:\/\/ciasamx.com\/site-v2\/proyectos-lideres\/sports-world-feliz-cuevas\/\" title=\"SPORTS WORLD F\u00c9LIX CUEVAS\">SPORTS WORLD F\u00c9LIX CUEVAS<\/a><\/h2><\/header><div class=\"eael-entry-content\">\n                                <div class=\"eael-grid-post-excerpt\"><p>SPORTS WORLD F\u00c9LIX CUEVAS Ingenier\u00eda, Suministro e Instalaci\u00f3n de Equipos...<\/p><a href=\"https:\/\/ciasamx.com\/site-v2\/proyectos-lideres\/sports-world-feliz-cuevas\/\" class=\"eael-post-elements-readmore-btn\">Leer m\u00e1s<\/a><\/div>\n                            <\/div><\/div><\/div>\n    <\/div>\n<\/article><article class=\"eael-grid-post eael-post-grid-column\" data-id=\"2262\">\n    <div class=\"eael-grid-post-holder\">\n        <div class=\"eael-grid-post-holder-inner\"><div class=\"eael-entry-wrapper\"><header class=\"eael-entry-header\"><h2 class=\"eael-entry-title\"><a class=\"eael-grid-post-link\" href=\"https:\/\/ciasamx.com\/site-v2\/proyectos-lideres\/torre-del-angel\/\" title=\"TORRE DEL \u00c1NGEL\">TORRE DEL \u00c1NGEL<\/a><\/h2><\/header><div class=\"eael-entry-content\">\n                                <div class=\"eael-grid-post-excerpt\"><p>Torre del \u00c1ngel Suministro e Instalaci\u00f3n de Equipos NECESIDAD DEL...<\/p><a href=\"https:\/\/ciasamx.com\/site-v2\/proyectos-lideres\/torre-del-angel\/\" class=\"eael-post-elements-readmore-btn\">Leer m\u00e1s<\/a><\/div>\n                            <\/div><\/div><\/div>\n    <\/div>\n<\/article><article class=\"eael-grid-post eael-post-grid-column\" data-id=\"1546\">\n    <div class=\"eael-grid-post-holder\">\n        <div class=\"eael-grid-post-holder-inner\"><div class=\"eael-entry-wrapper\"><header class=\"eael-entry-header\"><h2 class=\"eael-entry-title\"><a class=\"eael-grid-post-link\" href=\"https:\/\/ciasamx.com\/site-v2\/proyectos-lideres\/torre-mural\/\" title=\"TORRE MURAL\">TORRE MURAL<\/a><\/h2><\/header><div class=\"eael-entry-content\">\n                                <div class=\"eael-grid-post-excerpt\"><p>TORRE MURAL Suministro, Instalaci\u00f3n y Mantenimiento de Equipos NECESIDAD DEL...<\/p><a href=\"https:\/\/ciasamx.com\/site-v2\/proyectos-lideres\/torre-mural\/\" class=\"eael-post-elements-readmore-btn\">Leer m\u00e1s<\/a><\/div>\n                            <\/div><\/div><\/div>\n    <\/div>\n<\/article><article class=\"eael-grid-post eael-post-grid-column\" data-id=\"851\">\n    <div class=\"eael-grid-post-holder\">\n        <div class=\"eael-grid-post-holder-inner\"><div class=\"eael-entry-wrapper\"><header class=\"eael-entry-header\"><h2 class=\"eael-entry-title\"><a class=\"eael-grid-post-link\" href=\"https:\/\/ciasamx.com\/site-v2\/proyectos-lideres\/univerdidad-uvm-campus-coyoacan\/\" title=\"UNIVERSIDAD UVM &#8211; CAMPUS COYOAC\u00c1N\">UNIVERSIDAD UVM &#8211; CAMPUS COYOAC\u00c1N<\/a><\/h2><\/header><div class=\"eael-entry-content\">\n                                <div class=\"eael-grid-post-excerpt\"><p>UNIVERSIDAD UVM CAMPUS COYOAC\u00c1N Ingenier\u00eda, Suministro e Instalaci\u00f3n de Equipos...<\/p><a href=\"https:\/\/ciasamx.com\/site-v2\/proyectos-lideres\/univerdidad-uvm-campus-coyoacan\/\" class=\"eael-post-elements-readmore-btn\">Leer m\u00e1s<\/a><\/div>\n                            <\/div><\/div><\/div>\n    <\/div>\n<\/article><\/div>\n            <div class=\"clearfix\"><\/div>\n        <\/div>\t\t\t\t<\/div>\n\t\t\t\t<\/div>\n\t\t\t\t<div class=\"elementor-element elementor-element-ad75037 elementor-widget elementor-widget-spacer\" data-id=\"ad75037\" data-element_type=\"widget\" data-widget_type=\"spacer.default\">\n\t\t\t\t<div class=\"elementor-widget-container\">\n\t\t\t\t\t\t\t<div class=\"elementor-spacer\">\n\t\t\t<div class=\"elementor-spacer-inner\"><\/div>\n\t\t<\/div>\n\t\t\t\t\t\t<\/div>\n\t\t\t\t<\/div>\n\t\t\t\t\t<\/div>\n\t\t\t\t<\/div>\n\t\t\t\t<\/div>\n\t\t<div data-particle_enable=\"false\" data-particle-mobile-disabled=\"false\" class=\"elementor-element elementor-element-fc8d50d e-con-full e-flex e-con e-parent\" data-id=\"fc8d50d\" data-element_type=\"container\" data-settings=\"{&quot;background_background&quot;:&quot;classic&quot;}\">\n\t\t<div data-particle_enable=\"false\" data-particle-mobile-disabled=\"false\" class=\"elementor-element elementor-element-e106489 e-con-full e-flex e-con e-child\" data-id=\"e106489\" data-element_type=\"container\">\n\t\t\t\t<div class=\"elementor-element elementor-element-77e572d elementor-hidden-tablet elementor-widget elementor-widget-image\" data-id=\"77e572d\" data-element_type=\"widget\" data-widget_type=\"image.default\">\n\t\t\t\t<div class=\"elementor-widget-container\">\n\t\t\t\t\t\t\t\t\t\t\t\t\t\t\t<img decoding=\"async\" width=\"1920\" height=\"1080\" src=\"https:\/\/ciasamx.com\/site-v2\/wp-content\/uploads\/2025\/03\/equipo-de-ingenieros-CIASA.jpg\" class=\"attachment-full size-full wp-image-2641\" alt=\"\" srcset=\"https:\/\/ciasamx.com\/site-v2\/wp-content\/uploads\/2025\/03\/equipo-de-ingenieros-CIASA.jpg 1920w, https:\/\/ciasamx.com\/site-v2\/wp-content\/uploads\/2025\/03\/equipo-de-ingenieros-CIASA-300x169.jpg 300w, https:\/\/ciasamx.com\/site-v2\/wp-content\/uploads\/2025\/03\/equipo-de-ingenieros-CIASA-1024x576.jpg 1024w, https:\/\/ciasamx.com\/site-v2\/wp-content\/uploads\/2025\/03\/equipo-de-ingenieros-CIASA-768x432.jpg 768w, https:\/\/ciasamx.com\/site-v2\/wp-content\/uploads\/2025\/03\/equipo-de-ingenieros-CIASA-1536x864.jpg 1536w\" sizes=\"(max-width: 1920px) 100vw, 1920px\" \/>\t\t\t\t\t\t\t\t\t\t\t\t\t\t\t<\/div>\n\t\t\t\t<\/div>\n\t\t\t\t<div class=\"elementor-element elementor-element-3ff3455 elementor-hidden-desktop elementor-hidden-mobile elementor-widget elementor-widget-image\" data-id=\"3ff3455\" data-element_type=\"widget\" data-widget_type=\"image.default\">\n\t\t\t\t<div class=\"elementor-widget-container\">\n\t\t\t\t\t\t\t\t\t\t\t\t\t\t\t<img decoding=\"async\" width=\"385\" height=\"379\" src=\"https:\/\/ciasamx.com\/site-v2\/wp-content\/uploads\/2025\/03\/equipo-diseno-e-ingenieria.jpg\" class=\"attachment-full size-full wp-image-3037\" alt=\"\" srcset=\"https:\/\/ciasamx.com\/site-v2\/wp-content\/uploads\/2025\/03\/equipo-diseno-e-ingenieria.jpg 385w, https:\/\/ciasamx.com\/site-v2\/wp-content\/uploads\/2025\/03\/equipo-diseno-e-ingenieria-300x295.jpg 300w\" sizes=\"(max-width: 385px) 100vw, 385px\" \/>\t\t\t\t\t\t\t\t\t\t\t\t\t\t\t<\/div>\n\t\t\t\t<\/div>\n\t\t<div data-particle_enable=\"false\" data-particle-mobile-disabled=\"false\" class=\"elementor-element elementor-element-aa11153 e-con-full e-flex e-con e-child\" data-id=\"aa11153\" data-element_type=\"container\">\n\t\t\t\t<div class=\"elementor-element elementor-element-d35c0a4 elementor-widget elementor-widget-heading\" data-id=\"d35c0a4\" data-element_type=\"widget\" data-widget_type=\"heading.default\">\n\t\t\t\t<div class=\"elementor-widget-container\">\n\t\t\t\t\t<h2 class=\"elementor-heading-title elementor-size-default\">\u00bfPor qu\u00e9 arriesgar tu inversi\u00f3n con soluciones improvisadas cuando puedes tener un sistema HVAC eficiente y garantizado?<\/h2>\t\t\t\t<\/div>\n\t\t\t\t<\/div>\n\t\t\t\t<div class=\"elementor-element elementor-element-38a49d7 elementor-widget elementor-widget-text-editor\" data-id=\"38a49d7\" data-element_type=\"widget\" data-widget_type=\"text-editor.default\">\n\t\t\t\t<div class=\"elementor-widget-container\">\n\t\t\t\t\t\t\t\t\t<p>En CIASA seguimos una metodolog\u00eda integral que optimiza cada fase del proyecto. Desde el an\u00e1lisis y dise\u00f1o hasta la instalaci\u00f3n, pruebas y mantenimiento, aseguramos eficiencia, ahorro energ\u00e9tico y cumplimiento normativo. No dejes tu climatizaci\u00f3n al azar; con CIASA, obtienes soluciones sustentables, duraderas y dise\u00f1adas a la medida de tus necesidades. \u00a1Invierte con inteligencia, invierte con CIASA!<\/p>\t\t\t\t\t\t\t\t<\/div>\n\t\t\t\t<\/div>\n\t\t\t\t<\/div>\n\t\t\t\t<\/div>\n\t\t\t\t<\/div>\n\t\t<div data-particle_enable=\"false\" data-particle-mobile-disabled=\"false\" class=\"elementor-element elementor-element-aca0806 e-con-full e-flex e-con e-parent\" data-id=\"aca0806\" data-element_type=\"container\">\n\t\t<div data-particle_enable=\"false\" data-particle-mobile-disabled=\"false\" class=\"elementor-element elementor-element-683d533 e-con-full e-flex e-con e-child\" data-id=\"683d533\" data-element_type=\"container\" data-settings=\"{&quot;background_background&quot;:&quot;classic&quot;}\">\n\t\t\t\t<div class=\"elementor-element elementor-element-41746fd elementor-widget elementor-widget-heading\" data-id=\"41746fd\" data-element_type=\"widget\" data-widget_type=\"heading.default\">\n\t\t\t\t<div class=\"elementor-widget-container\">\n\t\t\t\t\t<h2 class=\"elementor-heading-title elementor-size-default\">ALIADOS ESTRAT\u00c9GICOS<\/h2>\t\t\t\t<\/div>\n\t\t\t\t<\/div>\n\t\t\t\t<\/div>\n\t\t\t\t<\/div>\n\t\t<div data-particle_enable=\"false\" data-particle-mobile-disabled=\"false\" class=\"elementor-element elementor-element-8e0d48c e-con-full e-flex e-con e-parent\" data-id=\"8e0d48c\" data-element_type=\"container\" data-settings=\"{&quot;background_background&quot;:&quot;classic&quot;}\">\n\t\t\t\t<div class=\"elementor-element elementor-element-d8d9d9d elementor-hidden-mobile elementor-widget elementor-widget-image\" data-id=\"d8d9d9d\" data-element_type=\"widget\" data-widget_type=\"image.default\">\n\t\t\t\t<div class=\"elementor-widget-container\">\n\t\t\t\t\t\t\t\t\t\t\t\t\t\t\t<img loading=\"lazy\" decoding=\"async\" width=\"1920\" height=\"525\" src=\"https:\/\/ciasamx.com\/site-v2\/wp-content\/uploads\/2025\/03\/Alianzas-Estrategicas-CIASA.jpg\" class=\"attachment-full size-full wp-image-2886\" alt=\"\" srcset=\"https:\/\/ciasamx.com\/site-v2\/wp-content\/uploads\/2025\/03\/Alianzas-Estrategicas-CIASA.jpg 1920w, https:\/\/ciasamx.com\/site-v2\/wp-content\/uploads\/2025\/03\/Alianzas-Estrategicas-CIASA-300x82.jpg 300w, https:\/\/ciasamx.com\/site-v2\/wp-content\/uploads\/2025\/03\/Alianzas-Estrategicas-CIASA-1024x280.jpg 1024w, https:\/\/ciasamx.com\/site-v2\/wp-content\/uploads\/2025\/03\/Alianzas-Estrategicas-CIASA-768x210.jpg 768w, https:\/\/ciasamx.com\/site-v2\/wp-content\/uploads\/2025\/03\/Alianzas-Estrategicas-CIASA-1536x420.jpg 1536w\" sizes=\"(max-width: 1920px) 100vw, 1920px\" \/>\t\t\t\t\t\t\t\t\t\t\t\t\t\t\t<\/div>\n\t\t\t\t<\/div>\n\t\t\t\t<div class=\"elementor-element elementor-element-cd8977e elementor-hidden-desktop elementor-hidden-tablet elementor-widget elementor-widget-image\" data-id=\"cd8977e\" data-element_type=\"widget\" data-widget_type=\"image.default\">\n\t\t\t\t<div class=\"elementor-widget-container\">\n\t\t\t\t\t\t\t\t\t\t\t\t\t\t\t<img loading=\"lazy\" decoding=\"async\" width=\"430\" height=\"350\" src=\"https:\/\/ciasamx.com\/site-v2\/wp-content\/uploads\/2025\/03\/alianzas-estrategicas.jpg\" class=\"attachment-full size-full wp-image-3029\" alt=\"\" srcset=\"https:\/\/ciasamx.com\/site-v2\/wp-content\/uploads\/2025\/03\/alianzas-estrategicas.jpg 430w, https:\/\/ciasamx.com\/site-v2\/wp-content\/uploads\/2025\/03\/alianzas-estrategicas-300x244.jpg 300w\" sizes=\"(max-width: 430px) 100vw, 430px\" \/>\t\t\t\t\t\t\t\t\t\t\t\t\t\t\t<\/div>\n\t\t\t\t<\/div>\n\t\t\t\t<\/div>\n\t\t<div data-particle_enable=\"false\" data-particle-mobile-disabled=\"false\" class=\"elementor-element elementor-element-25d7b59 e-con-full e-flex e-con e-parent\" data-id=\"25d7b59\" data-element_type=\"container\">\n\t\t<div data-particle_enable=\"false\" data-particle-mobile-disabled=\"false\" class=\"elementor-element elementor-element-6207f4c e-flex e-con-boxed e-con e-child\" data-id=\"6207f4c\" data-element_type=\"container\" data-settings=\"{&quot;background_background&quot;:&quot;classic&quot;}\">\n\t\t\t\t\t<div class=\"e-con-inner\">\n\t\t\t\t<div class=\"elementor-element elementor-element-540d468 elementor-widget elementor-widget-spacer\" data-id=\"540d468\" data-element_type=\"widget\" data-widget_type=\"spacer.default\">\n\t\t\t\t<div class=\"elementor-widget-container\">\n\t\t\t\t\t\t\t<div class=\"elementor-spacer\">\n\t\t\t<div class=\"elementor-spacer-inner\"><\/div>\n\t\t<\/div>\n\t\t\t\t\t\t<\/div>\n\t\t\t\t<\/div>\n\t\t\t\t<div class=\"elementor-element elementor-element-50a0d0c elementor-widget elementor-widget-heading\" data-id=\"50a0d0c\" data-element_type=\"widget\" data-widget_type=\"heading.default\">\n\t\t\t\t<div class=\"elementor-widget-container\">\n\t\t\t\t\t<h2 class=\"elementor-heading-title elementor-size-default\">\u00bfTu sistema de climatizaci\u00f3n realmente te brinda confort o solo gasta energ\u00eda sin resultados ?<\/h2>\t\t\t\t<\/div>\n\t\t\t\t<\/div>\n\t\t<div data-particle_enable=\"false\" data-particle-mobile-disabled=\"false\" class=\"elementor-element elementor-element-39c6b47 e-con-full e-flex e-con e-child\" data-id=\"39c6b47\" data-element_type=\"container\">\n\t\t<div data-particle_enable=\"false\" data-particle-mobile-disabled=\"false\" class=\"elementor-element elementor-element-859b9dd e-con-full e-flex e-con e-child\" data-id=\"859b9dd\" data-element_type=\"container\">\n\t\t\t\t<div class=\"elementor-element elementor-element-fd15028 elementor-widget elementor-widget-image\" data-id=\"fd15028\" data-element_type=\"widget\" data-widget_type=\"image.default\">\n\t\t\t\t<div class=\"elementor-widget-container\">\n\t\t\t\t\t\t\t\t\t\t\t\t\t\t\t<img loading=\"lazy\" decoding=\"async\" width=\"900\" height=\"600\" src=\"https:\/\/ciasamx.com\/site-v2\/wp-content\/uploads\/2025\/03\/contacto-proyectos.jpg\" class=\"attachment-full size-full wp-image-3108\" alt=\"\" srcset=\"https:\/\/ciasamx.com\/site-v2\/wp-content\/uploads\/2025\/03\/contacto-proyectos.jpg 900w, https:\/\/ciasamx.com\/site-v2\/wp-content\/uploads\/2025\/03\/contacto-proyectos-300x200.jpg 300w, https:\/\/ciasamx.com\/site-v2\/wp-content\/uploads\/2025\/03\/contacto-proyectos-768x512.jpg 768w\" sizes=\"(max-width: 900px) 100vw, 900px\" \/>\t\t\t\t\t\t\t\t\t\t\t\t\t\t\t<\/div>\n\t\t\t\t<\/div>\n\t\t\t\t<\/div>\n\t\t<div data-particle_enable=\"false\" data-particle-mobile-disabled=\"false\" class=\"elementor-element elementor-element-d04c335 e-con-full e-flex e-con e-child\" data-id=\"d04c335\" data-element_type=\"container\">\n\t\t\t\t<div class=\"elementor-element elementor-element-616ad69 eael-contact-form-7-button-full-width elementor-widget elementor-widget-eael-contact-form-7\" data-id=\"616ad69\" data-element_type=\"widget\" data-widget_type=\"eael-contact-form-7.default\">\n\t\t\t\t<div class=\"elementor-widget-container\">\n\t\t\t\t\t<div class=\"eael-contact-form-7-wrapper\">\n                <div class=\"eael-contact-form eael-contact-form-7 eael-contact-form-616ad69 placeholder-show eael-contact-form-align-default\">\n<div class=\"wpcf7 no-js\" id=\"wpcf7-f927-o1\" lang=\"es-MX\" dir=\"ltr\" data-wpcf7-id=\"927\">\n<div class=\"screen-reader-response\"><p role=\"status\" aria-live=\"polite\" aria-atomic=\"true\"><\/p> <ul><\/ul><\/div>\n<form action=\"\/site-v2\/wp-json\/wp\/v2\/pages\/847#wpcf7-f927-o1\" method=\"post\" class=\"wpcf7-form init\" aria-label=\"Formulario de contacto\" novalidate=\"novalidate\" data-status=\"init\">\n<fieldset class=\"hidden-fields-container\"><input type=\"hidden\" name=\"_wpcf7\" value=\"927\" \/><input type=\"hidden\" name=\"_wpcf7_version\" value=\"6.1.3\" \/><input type=\"hidden\" name=\"_wpcf7_locale\" value=\"es_MX\" \/><input type=\"hidden\" name=\"_wpcf7_unit_tag\" value=\"wpcf7-f927-o1\" \/><input type=\"hidden\" name=\"_wpcf7_container_post\" value=\"0\" \/><input type=\"hidden\" name=\"_wpcf7_posted_data_hash\" value=\"\" \/><input type=\"hidden\" name=\"_wpcf7_recaptcha_response\" value=\"\" \/>\n<\/fieldset>\n<p><label> <span class=\"wpcf7-form-control-wrap\" data-name=\"your-name\"><input size=\"40\" maxlength=\"400\" class=\"wpcf7-form-control wpcf7-text wpcf7-validates-as-required\" autocomplete=\"name\" aria-required=\"true\" aria-invalid=\"false\" placeholder=\"Nombre\" value=\"\" type=\"text\" name=\"your-name\" \/><\/span> <\/label>\n<\/p>\n<p><label><span class=\"wpcf7-form-control-wrap\" data-name=\"email\"><input size=\"40\" maxlength=\"400\" class=\"wpcf7-form-control wpcf7-email wpcf7-validates-as-required wpcf7-text wpcf7-validates-as-email\" aria-required=\"true\" aria-invalid=\"false\" placeholder=\"e-mail\" value=\"\" type=\"email\" name=\"email\" \/><\/span> <\/label>\n<\/p>\n<p><label> <span class=\"wpcf7-form-control-wrap\" data-name=\"Celular\"><input size=\"40\" maxlength=\"10\" minlength=\"10\" class=\"wpcf7-form-control wpcf7-tel wpcf7-text wpcf7-validates-as-tel\" aria-invalid=\"false\" placeholder=\"Celular\" value=\"\" type=\"tel\" name=\"Celular\" \/><\/span> <\/label>\n<\/p>\n<p><label> <span class=\"wpcf7-form-control-wrap\" data-name=\"Servicios\"><select class=\"wpcf7-form-control wpcf7-select wpcf7-validates-as-required\" aria-required=\"true\" aria-invalid=\"false\" name=\"Servicios\"><option value=\"Contacto General\">Contacto General<\/option><option value=\"Ventas y Consultor\u00eda\">Ventas y Consultor\u00eda<\/option><option value=\"Proyectos\">Proyectos<\/option><option value=\"Instalaci\u00f3n\">Instalaci\u00f3n<\/option><option value=\"Mantenimiento Preventivo\">Mantenimiento Preventivo<\/option><option value=\"Mantenimiento Correctivo\">Mantenimiento Correctivo<\/option><option value=\"Soporte T\u00e9cnico\">Soporte T\u00e9cnico<\/option><option value=\"Alianzas y Distribuidores\">Alianzas y Distribuidores<\/option><option value=\"Otro\">Otro<\/option><\/select><\/span> <\/label>\n<\/p>\n<p><label> <span class=\"wpcf7-form-control-wrap\" data-name=\"text-987\"><input size=\"40\" maxlength=\"400\" class=\"wpcf7-form-control wpcf7-text\" aria-invalid=\"false\" placeholder=\"\u00bfEn qu\u00e9 podemos ayudarte?\" value=\"\" type=\"text\" name=\"text-987\" \/><\/span> <\/label>\n<\/p>\n<p><input class=\"wpcf7-form-control wpcf7-submit has-spinner\" type=\"submit\" value=\"Enviar\" \/>\n<\/p><div class=\"wpcf7-response-output\" aria-hidden=\"true\"><\/div>\n<\/form>\n<\/div>\n<\/div>\n            <\/div>\t\t\t\t<\/div>\n\t\t\t\t<\/div>\n\t\t\t\t<\/div>\n\t\t\t\t<\/div>\n\t\t\t\t\t<\/div>\n\t\t\t\t<\/div>\n\t\t\t\t<\/div>\n\t\t\t\t<\/div>\n\t\t","protected":false},"excerpt":{"rendered":"<p>\u00bfTu sistema de aire acondicionado protege o pone en riesgo la salud de tus colaboradores? La climatizaci\u00f3n no es solo confort, es eficiencia, ahorro y sustentabilidad. En CIASA transformamos espacios con soluciones HVAC inteligentes, dise\u00f1adas para maximizar el rendimiento y minimizar costos. Descubre c\u00f3mo nuestra ingenier\u00eda de vanguardia, instalaci\u00f3n experta y mantenimiento estrat\u00e9gico pueden elevar [&hellip;]<\/p>\n","protected":false},"author":1,"featured_media":0,"parent":0,"menu_order":0,"comment_status":"closed","ping_status":"closed","template":"elementor_header_footer","meta":{"om_disable_all_campaigns":false,"_monsterinsights_skip_tracking":false,"_monsterinsights_sitenote_active":false,"_monsterinsights_sitenote_note":"","_monsterinsights_sitenote_category":0,"_uf_show_specific_survey":0,"_uf_disable_surveys":false,"footnotes":""},"class_list":["post-847","page","type-page","status-publish","hentry"],"aioseo_notices":[],"_links":{"self":[{"href":"https:\/\/ciasamx.com\/site-v2\/wp-json\/wp\/v2\/pages\/847","targetHints":{"allow":["GET"]}}],"collection":[{"href":"https:\/\/ciasamx.com\/site-v2\/wp-json\/wp\/v2\/pages"}],"about":[{"href":"https:\/\/ciasamx.com\/site-v2\/wp-json\/wp\/v2\/types\/page"}],"author":[{"embeddable":true,"href":"https:\/\/ciasamx.com\/site-v2\/wp-json\/wp\/v2\/users\/1"}],"replies":[{"embeddable":true,"href":"https:\/\/ciasamx.com\/site-v2\/wp-json\/wp\/v2\/comments?post=847"}],"version-history":[{"count":277,"href":"https:\/\/ciasamx.com\/site-v2\/wp-json\/wp\/v2\/pages\/847\/revisions"}],"predecessor-version":[{"id":3541,"href":"https:\/\/ciasamx.com\/site-v2\/wp-json\/wp\/v2\/pages\/847\/revisions\/3541"}],"wp:attachment":[{"href":"https:\/\/ciasamx.com\/site-v2\/wp-json\/wp\/v2\/media?parent=847"}],"curies":[{"name":"wp","href":"https:\/\/api.w.org\/{rel}","templated":true}]}}