{"id":909,"date":"2025-03-06T03:42:19","date_gmt":"2025-03-06T03:42:19","guid":{"rendered":"https:\/\/ciasamx.com\/site-v2\/?page_id=909"},"modified":"2025-03-31T05:56:58","modified_gmt":"2025-03-31T05:56:58","slug":"sports-world-feliz-cuevas","status":"publish","type":"page","link":"https:\/\/ciasamx.com\/site-v2\/proyectos-lideres\/sports-world-feliz-cuevas\/","title":{"rendered":"SPORTS WORLD F\u00c9LIX CUEVAS"},"content":{"rendered":"\t\t<div data-elementor-type=\"wp-page\" data-elementor-id=\"909\" class=\"elementor elementor-909\" data-elementor-post-type=\"page\">\n\t\t\t\t<div data-particle_enable=\"false\" data-particle-mobile-disabled=\"false\" class=\"elementor-element elementor-element-1d05a644 e-con-full e-flex e-con e-parent\" data-id=\"1d05a644\" data-element_type=\"container\" data-settings=\"{&quot;background_background&quot;:&quot;classic&quot;}\">\n\t\t<div data-particle_enable=\"false\" data-particle-mobile-disabled=\"false\" class=\"elementor-element elementor-element-cf2b01b e-con-full e-flex e-con e-child\" data-id=\"cf2b01b\" data-element_type=\"container\">\n\t\t\t\t<div class=\"elementor-element elementor-element-202a8b20 eael-dual-header-content-align-center elementor-widget elementor-widget-eael-dual-color-header\" data-id=\"202a8b20\" data-element_type=\"widget\" data-widget_type=\"eael-dual-color-header.default\">\n\t\t\t\t<div class=\"elementor-widget-container\">\n\t\t\t\t\t\t\t\t<div class=\"eael-dual-header\">\n\t\t\t\t<h2 class=\"title eael-dch-title\"><span class=\"eael-dch-title-text eael-dch-title-lead lead solid-color\">SPORTS WORLD<\/span> <span class=\"eael-dch-title-text\"><br> F\u00c9LIX CUEVAS<\/span><\/h2>\t\t\t\t\t<span class=\"subtext\"><p>Ingenier\u00eda, Suministro e Instalaci\u00f3n de Equipos<\/p><\/span>\n\t\t\t\t\t\t\t\t\t<span class=\"eael-dch-svg-icon\"><\/span>\t\t\t\t\t\t\t<\/div>\n\n\t\t\t\t\t\t<\/div>\n\t\t\t\t<\/div>\n\t\t\t\t<\/div>\n\t\t<div data-particle_enable=\"false\" data-particle-mobile-disabled=\"false\" class=\"elementor-element elementor-element-139b659e e-flex e-con-boxed e-con e-child\" data-id=\"139b659e\" data-element_type=\"container\">\n\t\t\t\t\t<div class=\"e-con-inner\">\n\t\t\t\t<div class=\"elementor-element elementor-element-71d02eec elementor-widget elementor-widget-eael-flip-carousel\" data-id=\"71d02eec\" data-element_type=\"widget\" data-widget_type=\"eael-flip-carousel.default\">\n\t\t\t\t<div class=\"elementor-widget-container\">\n\t\t\t\t\t\t\t<div class=\"eael-flip-carousel flip-carousel-71d02eec show-all\" data-style=\"coverflow\" data-start=\"center\" data-fadein=\"400\" data-loop=\"true\" data-autoplay=\"2000\" data-pauseonhover=\"true\" data-spacing=\"-0.6\" data-click=\"true\" data-scrollwheel=\"true\" data-touch=\"true\" data-buttons=\"\" data-buttonprev=\"\" data-buttonnext=\"\">\n\t\t\t<ul class=\"flip-items eael-flip-container\">\n\t\t\t\t\t\t\t\t\t<li class=\"eael-flip-item\">\n\t\t\t\t\t\t<img decoding=\"async\" src=\"https:\/\/ciasamx.com\/site-v2\/wp-content\/uploads\/2025\/03\/SW-05.jpg\" alt=\"\">\n\t\t\t\t\t<\/li>\n\t\t\t\t\t\t\t\t\t<li class=\"eael-flip-item\">\n\t\t\t\t\t\t<img decoding=\"async\" src=\"https:\/\/ciasamx.com\/site-v2\/wp-content\/uploads\/2025\/03\/SW-02.jpg\" alt=\"\">\n\t\t\t\t\t<\/li>\n\t\t\t\t\t\t\t\t\t<li class=\"eael-flip-item\">\n\t\t\t\t\t\t<img decoding=\"async\" src=\"https:\/\/ciasamx.com\/site-v2\/wp-content\/uploads\/2025\/03\/SPORT-WORLD-14.jpg\" alt=\"\">\n\t\t\t\t\t<\/li>\n\t\t\t\t\t\t\t\t\t<li class=\"eael-flip-item\">\n\t\t\t\t\t\t<img decoding=\"async\" src=\"https:\/\/ciasamx.com\/site-v2\/wp-content\/uploads\/2025\/03\/SPORT-WORLD-12.jpg\" alt=\"\">\n\t\t\t\t\t<\/li>\n\t\t\t\t\t\t\t\t\t<li class=\"eael-flip-item\">\n\t\t\t\t\t\t<img decoding=\"async\" src=\"https:\/\/ciasamx.com\/site-v2\/wp-content\/uploads\/2025\/03\/SPORT-WORLD-13.jpg\" alt=\"\">\n\t\t\t\t\t<\/li>\n\t\t\t\t\t\t\t<\/ul>\n\t\t<\/div>\n\t\t\t\t\t\t<\/div>\n\t\t\t\t<\/div>\n\t\t\t\t\t<\/div>\n\t\t\t\t<\/div>\n\t\t\t\t<\/div>\n\t\t<div data-particle_enable=\"false\" data-particle-mobile-disabled=\"false\" class=\"elementor-element elementor-element-5e46c086 e-flex e-con-boxed e-con e-parent\" data-id=\"5e46c086\" data-element_type=\"container\" data-settings=\"{&quot;background_background&quot;:&quot;classic&quot;}\">\n\t\t\t\t\t<div class=\"e-con-inner\">\n\t\t\t\t<div class=\"elementor-element elementor-element-275b12e9 elementor-widget__width-initial elementor-hidden-mobile elementor-widget elementor-widget-image\" data-id=\"275b12e9\" data-element_type=\"widget\" data-widget_type=\"image.default\">\n\t\t\t\t<div class=\"elementor-widget-container\">\n\t\t\t\t\t\t\t\t\t\t\t\t\t\t\t<img fetchpriority=\"high\" decoding=\"async\" width=\"800\" height=\"800\" src=\"https:\/\/ciasamx.com\/site-v2\/wp-content\/uploads\/2025\/03\/GYM-Clima-1024x1024.jpg\" class=\"attachment-large size-large wp-image-1625\" alt=\"\" srcset=\"https:\/\/ciasamx.com\/site-v2\/wp-content\/uploads\/2025\/03\/GYM-Clima-1024x1024.jpg 1024w, https:\/\/ciasamx.com\/site-v2\/wp-content\/uploads\/2025\/03\/GYM-Clima-300x300.jpg 300w, https:\/\/ciasamx.com\/site-v2\/wp-content\/uploads\/2025\/03\/GYM-Clima-150x150.jpg 150w, https:\/\/ciasamx.com\/site-v2\/wp-content\/uploads\/2025\/03\/GYM-Clima-768x768.jpg 768w, https:\/\/ciasamx.com\/site-v2\/wp-content\/uploads\/2025\/03\/GYM-Clima.jpg 1080w\" sizes=\"(max-width: 800px) 100vw, 800px\" \/>\t\t\t\t\t\t\t\t\t\t\t\t\t\t\t<\/div>\n\t\t\t\t<\/div>\n\t\t<div data-particle_enable=\"false\" data-particle-mobile-disabled=\"false\" class=\"elementor-element elementor-element-6454e496 e-con-full e-flex e-con e-child\" data-id=\"6454e496\" data-element_type=\"container\">\n\t\t\t\t<div class=\"elementor-element elementor-element-410a1305 elementor-widget elementor-widget-heading\" data-id=\"410a1305\" data-element_type=\"widget\" data-widget_type=\"heading.default\">\n\t\t\t\t<div class=\"elementor-widget-container\">\n\t\t\t\t\t<h2 class=\"elementor-heading-title elementor-size-default\">NECESIDAD DEL CLIENTE<\/h2>\t\t\t\t<\/div>\n\t\t\t\t<\/div>\n\t\t\t\t<div class=\"elementor-element elementor-element-14a14e59 elementor-widget elementor-widget-text-editor\" data-id=\"14a14e59\" data-element_type=\"widget\" data-widget_type=\"text-editor.default\">\n\t\t\t\t<div class=\"elementor-widget-container\">\n\t\t\t\t\t\t\t\t\t<p>El cliente contaba con equipos que ya presentaban constantemente fallas, adem\u00e1s de tener problemas para encontrar refacciones. El cliente solicita la revisi\u00f3n del c\u00e1lculo de carga t\u00e9rmica de todas sus \u00e1reas para verificar que las capacidades de sus equipos sean las correctas. Buscaba garantizar una mejora en el servicio de aire acondicionado y que las refacciones de sus equipos\u00a0 fueran de f\u00e1cil acceso.<\/p>\t\t\t\t\t\t\t\t<\/div>\n\t\t\t\t<\/div>\n\t\t\t\t<\/div>\n\t\t\t\t\t<\/div>\n\t\t\t\t<\/div>\n\t\t<div data-particle_enable=\"false\" data-particle-mobile-disabled=\"false\" class=\"elementor-element elementor-element-3d8ecef8 e-flex e-con-boxed e-con e-parent\" data-id=\"3d8ecef8\" data-element_type=\"container\">\n\t\t\t\t\t<div class=\"e-con-inner\">\n\t\t<div data-particle_enable=\"false\" data-particle-mobile-disabled=\"false\" class=\"elementor-element elementor-element-40b3fa5c e-con-full e-flex e-con e-child\" data-id=\"40b3fa5c\" data-element_type=\"container\">\n\t\t\t\t<div class=\"elementor-element elementor-element-44d31944 elementor-widget elementor-widget-heading\" data-id=\"44d31944\" data-element_type=\"widget\" data-widget_type=\"heading.default\">\n\t\t\t\t<div class=\"elementor-widget-container\">\n\t\t\t\t\t<h2 class=\"elementor-heading-title elementor-size-default\">\u00bfC\u00d3MO SE SOLUCION\u00d3 LA NECESIDAD DEL CLIENTE?<\/h2>\t\t\t\t<\/div>\n\t\t\t\t<\/div>\n\t\t\t\t<div class=\"elementor-element elementor-element-ac8fedc elementor-widget elementor-widget-text-editor\" data-id=\"ac8fedc\" data-element_type=\"widget\" data-widget_type=\"text-editor.default\">\n\t\t\t\t<div class=\"elementor-widget-container\">\n\t\t\t\t\t\t\t\t\t<p>Se realiza levantamiento del club y con la informaci\u00f3n obtenida se genera el nuevo c\u00e1lculo de carga t\u00e9rmica. Una vez realizada la parte de ingenier\u00eda, se genera un proyecto&nbsp; aumentando la carga t\u00e9rmica necesaria para el club adem\u00e1s de cambiar los equipos a marca DAIKIN.<\/p>\t\t\t\t\t\t\t\t<\/div>\n\t\t\t\t<\/div>\n\t\t\t\t<\/div>\n\t\t<div data-particle_enable=\"false\" data-particle-mobile-disabled=\"false\" class=\"elementor-element elementor-element-607d8d45 e-con-full e-flex e-con e-child\" data-id=\"607d8d45\" data-element_type=\"container\" data-settings=\"{&quot;background_background&quot;:&quot;classic&quot;}\">\n\t\t<div data-particle_enable=\"false\" data-particle-mobile-disabled=\"false\" class=\"elementor-element elementor-element-7aca131f e-con-full e-flex e-con e-child\" data-id=\"7aca131f\" data-element_type=\"container\">\n\t\t\t\t<div class=\"elementor-element elementor-element-29405527 elementor-widget elementor-widget-heading\" data-id=\"29405527\" data-element_type=\"widget\" data-widget_type=\"heading.default\">\n\t\t\t\t<div class=\"elementor-widget-container\">\n\t\t\t\t\t<h2 class=\"elementor-heading-title elementor-size-default\">TIPO DE EQUIPO IMPLEMENTADO<\/h2>\t\t\t\t<\/div>\n\t\t\t\t<\/div>\n\t\t\t\t<div class=\"elementor-element elementor-element-381447a0 elementor-widget elementor-widget-text-editor\" data-id=\"381447a0\" data-element_type=\"widget\" data-widget_type=\"text-editor.default\">\n\t\t\t\t<div class=\"elementor-widget-container\">\n\t\t\t\t\t\t\t\t\t<p>Se sustituyen equipos anteriores por equipos VRV marca DAIKIN.<\/p>\t\t\t\t\t\t\t\t<\/div>\n\t\t\t\t<\/div>\n\t\t\t\t<div class=\"elementor-element elementor-element-27fa91ea elementor-widget elementor-widget-heading\" data-id=\"27fa91ea\" data-element_type=\"widget\" data-widget_type=\"heading.default\">\n\t\t\t\t<div class=\"elementor-widget-container\">\n\t\t\t\t\t<h2 class=\"elementor-heading-title elementor-size-default\">TR INSTALADAS<\/h2>\t\t\t\t<\/div>\n\t\t\t\t<\/div>\n\t\t\t\t<div class=\"elementor-element elementor-element-3bee6b4 elementor-widget elementor-widget-text-editor\" data-id=\"3bee6b4\" data-element_type=\"widget\" data-widget_type=\"text-editor.default\">\n\t\t\t\t<div class=\"elementor-widget-container\">\n\t\t\t\t\t\t\t\t\t<p>Para la primera fase de este proyecto que comprende la mitad del club, mayormente el \u00e1rea de cardio, se realiza la instalaci\u00f3n de 115 TR en sistema VRF, con un total de 15 unidades evaporadoras.<\/p>\t\t\t\t\t\t\t\t<\/div>\n\t\t\t\t<\/div>\n\t\t\t\t<\/div>\n\t\t\t\t<\/div>\n\t\t\t\t\t<\/div>\n\t\t\t\t<\/div>\n\t\t<div data-particle_enable=\"false\" data-particle-mobile-disabled=\"false\" class=\"elementor-element elementor-element-75c07607 e-con-full e-flex e-con e-parent\" data-id=\"75c07607\" data-element_type=\"container\">\n\t\t\t\t<div class=\"elementor-element elementor-element-620d454 elementor-arrows-position-inside elementor-pagination-position-outside elementor-widget elementor-widget-image-carousel\" data-id=\"620d454\" data-element_type=\"widget\" data-settings=\"{&quot;slides_to_show&quot;:&quot;1&quot;,&quot;navigation&quot;:&quot;both&quot;,&quot;autoplay&quot;:&quot;yes&quot;,&quot;pause_on_hover&quot;:&quot;yes&quot;,&quot;pause_on_interaction&quot;:&quot;yes&quot;,&quot;autoplay_speed&quot;:5000,&quot;infinite&quot;:&quot;yes&quot;,&quot;effect&quot;:&quot;slide&quot;,&quot;speed&quot;:500}\" data-widget_type=\"image-carousel.default\">\n\t\t\t\t<div class=\"elementor-widget-container\">\n\t\t\t\t\t\t\t<div class=\"elementor-image-carousel-wrapper swiper\" role=\"region\" aria-roledescription=\"carousel\" aria-label=\"Carrusel de Im\u00e1genes\" dir=\"ltr\">\n\t\t\t<div class=\"elementor-image-carousel swiper-wrapper\" aria-live=\"off\">\n\t\t\t\t\t\t\t\t<div class=\"swiper-slide\" role=\"group\" aria-roledescription=\"slide\" aria-label=\"1 de 5\"><figure class=\"swiper-slide-inner\"><img decoding=\"async\" class=\"swiper-slide-image\" src=\"https:\/\/ciasamx.com\/site-v2\/wp-content\/uploads\/2025\/03\/Sports-World-01.jpg\" alt=\"Sports-World-01\" \/><\/figure><\/div><div class=\"swiper-slide\" role=\"group\" aria-roledescription=\"slide\" aria-label=\"2 de 5\"><figure class=\"swiper-slide-inner\"><img decoding=\"async\" class=\"swiper-slide-image\" src=\"https:\/\/ciasamx.com\/site-v2\/wp-content\/uploads\/2025\/03\/Sports-World-02.jpg\" alt=\"Sports-World-02\" \/><\/figure><\/div><div class=\"swiper-slide\" role=\"group\" aria-roledescription=\"slide\" aria-label=\"3 de 5\"><figure class=\"swiper-slide-inner\"><img decoding=\"async\" class=\"swiper-slide-image\" src=\"https:\/\/ciasamx.com\/site-v2\/wp-content\/uploads\/2025\/03\/Sports-World-03.jpg\" alt=\"Sports-World-03\" \/><\/figure><\/div><div class=\"swiper-slide\" role=\"group\" aria-roledescription=\"slide\" aria-label=\"4 de 5\"><figure class=\"swiper-slide-inner\"><img decoding=\"async\" class=\"swiper-slide-image\" src=\"https:\/\/ciasamx.com\/site-v2\/wp-content\/uploads\/2025\/03\/Sports-World-04.jpg\" alt=\"Sports-World-04\" \/><\/figure><\/div><div class=\"swiper-slide\" role=\"group\" aria-roledescription=\"slide\" aria-label=\"5 de 5\"><figure class=\"swiper-slide-inner\"><img decoding=\"async\" class=\"swiper-slide-image\" src=\"https:\/\/ciasamx.com\/site-v2\/wp-content\/uploads\/2025\/03\/Sports-World-05.jpg\" alt=\"Sports-World-05\" \/><\/figure><\/div>\t\t\t<\/div>\n\t\t\t\t\t\t\t\t\t\t\t\t<div class=\"elementor-swiper-button elementor-swiper-button-prev\" role=\"button\" tabindex=\"0\">\n\t\t\t\t\t\t<svg aria-hidden=\"true\" class=\"e-font-icon-svg e-fas-arrow-alt-circle-left\" viewBox=\"0 0 512 512\" xmlns=\"http:\/\/www.w3.org\/2000\/svg\"><path d=\"M256 504C119 504 8 393 8 256S119 8 256 8s248 111 248 248-111 248-248 248zm116-292H256v-70.9c0-10.7-13-16.1-20.5-8.5L121.2 247.5c-4.7 4.7-4.7 12.2 0 16.9l114.3 114.9c7.6 7.6 20.5 2.2 20.5-8.5V300h116c6.6 0 12-5.4 12-12v-64c0-6.6-5.4-12-12-12z\"><\/path><\/svg>\t\t\t\t\t<\/div>\n\t\t\t\t\t<div class=\"elementor-swiper-button elementor-swiper-button-next\" role=\"button\" tabindex=\"0\">\n\t\t\t\t\t\t<svg aria-hidden=\"true\" class=\"e-font-icon-svg e-fas-arrow-alt-circle-right\" viewBox=\"0 0 512 512\" xmlns=\"http:\/\/www.w3.org\/2000\/svg\"><path d=\"M256 8c137 0 248 111 248 248S393 504 256 504 8 393 8 256 119 8 256 8zM140 300h116v70.9c0 10.7 13 16.1 20.5 8.5l114.3-114.9c4.7-4.7 4.7-12.2 0-16.9l-114.3-115c-7.6-7.6-20.5-2.2-20.5 8.5V212H140c-6.6 0-12 5.4-12 12v64c0 6.6 5.4 12 12 12z\"><\/path><\/svg>\t\t\t\t\t<\/div>\n\t\t\t\t\n\t\t\t\t\t\t\t\t\t<div class=\"swiper-pagination\"><\/div>\n\t\t\t\t\t\t\t\t\t<\/div>\n\t\t\t\t\t\t<\/div>\n\t\t\t\t<\/div>\n\t\t\t\t<\/div>\n\t\t<div data-particle_enable=\"false\" data-particle-mobile-disabled=\"false\" class=\"elementor-element elementor-element-5556fa49 e-flex e-con-boxed e-con e-parent\" data-id=\"5556fa49\" data-element_type=\"container\">\n\t\t\t\t\t<div class=\"e-con-inner\">\n\t\t\t\t<div class=\"elementor-element elementor-element-17943813 elementor-widget elementor-widget-heading\" data-id=\"17943813\" data-element_type=\"widget\" data-widget_type=\"heading.default\">\n\t\t\t\t<div class=\"elementor-widget-container\">\n\t\t\t\t\t<h2 class=\"elementor-heading-title elementor-size-default\">PROBLEM\u00c1TICAS RESUELTAS POR CIASA, CLIMA E INGENIER\u00cdA AMBIENTAL S.A. DE C.V.<\/h2>\t\t\t\t<\/div>\n\t\t\t\t<\/div>\n\t\t\t\t<div class=\"elementor-element elementor-element-27a21962 elementor-widget elementor-widget-text-editor\" data-id=\"27a21962\" data-element_type=\"widget\" data-widget_type=\"text-editor.default\">\n\t\t\t\t<div class=\"elementor-widget-container\">\n\t\t\t\t\t\t\t\t\t<p>Por la actualizaci\u00f3n de equipos las \u00e1reas que presentaban altas temperaturas en su ocupaci\u00f3n m\u00e1xima (\u00e1rea de cardio, peso libre y peso integrado) ya no presentan quejas por parte de los usuarios finales, adem\u00e1s en caso de presentarse una necesidad de requerir refacciones por parte de los clientes la marca les garantiza tener refacciones por mas de 12 a\u00f1os en equipos de nueva generaci\u00f3n.<\/p>\t\t\t\t\t\t\t\t<\/div>\n\t\t\t\t<\/div>\n\t\t\t\t\t<\/div>\n\t\t\t\t<\/div>\n\t\t<div data-particle_enable=\"false\" data-particle-mobile-disabled=\"false\" class=\"elementor-element elementor-element-14e2396 e-con-full e-flex e-con e-parent\" data-id=\"14e2396\" data-element_type=\"container\">\n\t\t<div data-particle_enable=\"false\" data-particle-mobile-disabled=\"false\" class=\"elementor-element elementor-element-3dcbcb6 e-con-full e-flex e-con e-child\" data-id=\"3dcbcb6\" data-element_type=\"container\">\n\t\t<div data-particle_enable=\"false\" data-particle-mobile-disabled=\"false\" class=\"elementor-element elementor-element-8553fcd e-con-full e-flex e-con e-child\" data-id=\"8553fcd\" data-element_type=\"container\">\n\t\t<div data-particle_enable=\"false\" data-particle-mobile-disabled=\"false\" class=\"elementor-element elementor-element-de5c5cc e-con-full e-flex e-con e-child\" data-id=\"de5c5cc\" data-element_type=\"container\">\n\t\t<div data-particle_enable=\"false\" data-particle-mobile-disabled=\"false\" class=\"elementor-element elementor-element-6457747 e-con-full e-flex e-con e-child\" data-id=\"6457747\" data-element_type=\"container\">\n\t\t<div data-particle_enable=\"false\" data-particle-mobile-disabled=\"false\" class=\"elementor-element elementor-element-b8a8fe0 e-flex e-con-boxed e-con e-child\" data-id=\"b8a8fe0\" data-element_type=\"container\" data-settings=\"{&quot;background_background&quot;:&quot;classic&quot;}\">\n\t\t\t\t\t<div class=\"e-con-inner\">\n\t\t<div data-particle_enable=\"false\" data-particle-mobile-disabled=\"false\" class=\"elementor-element elementor-element-556ac31 e-con-full e-flex e-con e-child\" data-id=\"556ac31\" data-element_type=\"container\">\n\t\t<div data-particle_enable=\"false\" data-particle-mobile-disabled=\"false\" class=\"elementor-element elementor-element-2650479 e-con-full e-flex e-con e-child\" data-id=\"2650479\" data-element_type=\"container\">\n\t\t\t\t<div class=\"elementor-element elementor-element-3caa1a9 elementor-widget elementor-widget-image\" data-id=\"3caa1a9\" data-element_type=\"widget\" data-widget_type=\"image.default\">\n\t\t\t\t<div class=\"elementor-widget-container\">\n\t\t\t\t\t\t\t\t\t\t\t\t\t\t\t<img decoding=\"async\" width=\"900\" height=\"600\" src=\"https:\/\/ciasamx.com\/site-v2\/wp-content\/uploads\/2025\/03\/equipos-york.jpg\" class=\"attachment-full size-full wp-image-3296\" alt=\"\" srcset=\"https:\/\/ciasamx.com\/site-v2\/wp-content\/uploads\/2025\/03\/equipos-york.jpg 900w, https:\/\/ciasamx.com\/site-v2\/wp-content\/uploads\/2025\/03\/equipos-york-300x200.jpg 300w, https:\/\/ciasamx.com\/site-v2\/wp-content\/uploads\/2025\/03\/equipos-york-768x512.jpg 768w\" sizes=\"(max-width: 900px) 100vw, 900px\" \/>\t\t\t\t\t\t\t\t\t\t\t\t\t\t\t<\/div>\n\t\t\t\t<\/div>\n\t\t\t\t<\/div>\n\t\t<div data-particle_enable=\"false\" data-particle-mobile-disabled=\"false\" class=\"elementor-element elementor-element-339fe65 e-con-full e-flex e-con e-child\" data-id=\"339fe65\" data-element_type=\"container\">\n\t\t\t\t<div class=\"elementor-element elementor-element-6a7b00c eael-contact-form-7-button-full-width elementor-widget elementor-widget-eael-contact-form-7\" data-id=\"6a7b00c\" data-element_type=\"widget\" data-widget_type=\"eael-contact-form-7.default\">\n\t\t\t\t<div class=\"elementor-widget-container\">\n\t\t\t\t\t<div class=\"eael-contact-form-7-wrapper\">\n                <div class=\"eael-contact-form eael-contact-form-7 eael-contact-form-6a7b00c placeholder-show eael-contact-form-align-default\">\n<div class=\"wpcf7 no-js\" id=\"wpcf7-f927-o1\" lang=\"es-MX\" dir=\"ltr\" data-wpcf7-id=\"927\">\n<div class=\"screen-reader-response\"><p role=\"status\" aria-live=\"polite\" aria-atomic=\"true\"><\/p> <ul><\/ul><\/div>\n<form action=\"\/site-v2\/wp-json\/wp\/v2\/pages\/909#wpcf7-f927-o1\" method=\"post\" class=\"wpcf7-form init\" aria-label=\"Formulario de contacto\" novalidate=\"novalidate\" data-status=\"init\">\n<fieldset class=\"hidden-fields-container\"><input type=\"hidden\" name=\"_wpcf7\" value=\"927\" \/><input type=\"hidden\" name=\"_wpcf7_version\" value=\"6.1.3\" \/><input type=\"hidden\" name=\"_wpcf7_locale\" value=\"es_MX\" \/><input type=\"hidden\" name=\"_wpcf7_unit_tag\" value=\"wpcf7-f927-o1\" \/><input type=\"hidden\" name=\"_wpcf7_container_post\" value=\"0\" \/><input type=\"hidden\" name=\"_wpcf7_posted_data_hash\" value=\"\" \/><input type=\"hidden\" name=\"_wpcf7_recaptcha_response\" value=\"\" \/>\n<\/fieldset>\n<p><label> <span class=\"wpcf7-form-control-wrap\" data-name=\"your-name\"><input size=\"40\" maxlength=\"400\" class=\"wpcf7-form-control wpcf7-text wpcf7-validates-as-required\" autocomplete=\"name\" aria-required=\"true\" aria-invalid=\"false\" placeholder=\"Nombre\" value=\"\" type=\"text\" name=\"your-name\" \/><\/span> <\/label>\n<\/p>\n<p><label><span class=\"wpcf7-form-control-wrap\" data-name=\"email\"><input size=\"40\" maxlength=\"400\" class=\"wpcf7-form-control wpcf7-email wpcf7-validates-as-required wpcf7-text wpcf7-validates-as-email\" aria-required=\"true\" aria-invalid=\"false\" placeholder=\"e-mail\" value=\"\" type=\"email\" name=\"email\" \/><\/span> <\/label>\n<\/p>\n<p><label> <span class=\"wpcf7-form-control-wrap\" data-name=\"Celular\"><input size=\"40\" maxlength=\"10\" minlength=\"10\" class=\"wpcf7-form-control wpcf7-tel wpcf7-text wpcf7-validates-as-tel\" aria-invalid=\"false\" placeholder=\"Celular\" value=\"\" type=\"tel\" name=\"Celular\" \/><\/span> <\/label>\n<\/p>\n<p><label> <span class=\"wpcf7-form-control-wrap\" data-name=\"Servicios\"><select class=\"wpcf7-form-control wpcf7-select wpcf7-validates-as-required\" aria-required=\"true\" aria-invalid=\"false\" name=\"Servicios\"><option value=\"Contacto General\">Contacto General<\/option><option value=\"Ventas y Consultor\u00eda\">Ventas y Consultor\u00eda<\/option><option value=\"Proyectos\">Proyectos<\/option><option value=\"Instalaci\u00f3n\">Instalaci\u00f3n<\/option><option value=\"Mantenimiento Preventivo\">Mantenimiento Preventivo<\/option><option value=\"Mantenimiento Correctivo\">Mantenimiento Correctivo<\/option><option value=\"Soporte T\u00e9cnico\">Soporte T\u00e9cnico<\/option><option value=\"Alianzas y Distribuidores\">Alianzas y Distribuidores<\/option><option value=\"Otro\">Otro<\/option><\/select><\/span> <\/label>\n<\/p>\n<p><label> <span class=\"wpcf7-form-control-wrap\" data-name=\"text-987\"><input size=\"40\" maxlength=\"400\" class=\"wpcf7-form-control wpcf7-text\" aria-invalid=\"false\" placeholder=\"\u00bfEn qu\u00e9 podemos ayudarte?\" value=\"\" type=\"text\" name=\"text-987\" \/><\/span> <\/label>\n<\/p>\n<p><input class=\"wpcf7-form-control wpcf7-submit has-spinner\" type=\"submit\" value=\"Enviar\" \/>\n<\/p><div class=\"wpcf7-response-output\" aria-hidden=\"true\"><\/div>\n<\/form>\n<\/div>\n<\/div>\n            <\/div>\t\t\t\t<\/div>\n\t\t\t\t<\/div>\n\t\t\t\t<\/div>\n\t\t\t\t<\/div>\n\t\t\t\t\t<\/div>\n\t\t\t\t<\/div>\n\t\t\t\t<\/div>\n\t\t\t\t<\/div>\n\t\t\t\t<\/div>\n\t\t\t\t<\/div>\n\t\t\t\t<\/div>\n\t\t\t\t<\/div>\n\t\t","protected":false},"excerpt":{"rendered":"<p>SPORTS WORLD F\u00c9LIX CUEVAS Ingenier\u00eda, Suministro e Instalaci\u00f3n de Equipos NECESIDAD DEL CLIENTE El cliente contaba con equipos que ya presentaban constantemente fallas, adem\u00e1s de tener problemas para encontrar refacciones. El cliente solicita la revisi\u00f3n del c\u00e1lculo de carga t\u00e9rmica de todas sus \u00e1reas para verificar que las capacidades de sus equipos sean las correctas. [&hellip;]<\/p>\n","protected":false},"author":1,"featured_media":1626,"parent":847,"menu_order":0,"comment_status":"closed","ping_status":"closed","template":"elementor_header_footer","meta":{"om_disable_all_campaigns":false,"_monsterinsights_skip_tracking":false,"_monsterinsights_sitenote_active":false,"_monsterinsights_sitenote_note":"","_monsterinsights_sitenote_category":0,"_uf_show_specific_survey":0,"_uf_disable_surveys":false,"footnotes":""},"class_list":["post-909","page","type-page","status-publish","has-post-thumbnail","hentry"],"aioseo_notices":[],"_links":{"self":[{"href":"https:\/\/ciasamx.com\/site-v2\/wp-json\/wp\/v2\/pages\/909","targetHints":{"allow":["GET"]}}],"collection":[{"href":"https:\/\/ciasamx.com\/site-v2\/wp-json\/wp\/v2\/pages"}],"about":[{"href":"https:\/\/ciasamx.com\/site-v2\/wp-json\/wp\/v2\/types\/page"}],"author":[{"embeddable":true,"href":"https:\/\/ciasamx.com\/site-v2\/wp-json\/wp\/v2\/users\/1"}],"replies":[{"embeddable":true,"href":"https:\/\/ciasamx.com\/site-v2\/wp-json\/wp\/v2\/comments?post=909"}],"version-history":[{"count":51,"href":"https:\/\/ciasamx.com\/site-v2\/wp-json\/wp\/v2\/pages\/909\/revisions"}],"predecessor-version":[{"id":3850,"href":"https:\/\/ciasamx.com\/site-v2\/wp-json\/wp\/v2\/pages\/909\/revisions\/3850"}],"up":[{"embeddable":true,"href":"https:\/\/ciasamx.com\/site-v2\/wp-json\/wp\/v2\/pages\/847"}],"wp:featuredmedia":[{"embeddable":true,"href":"https:\/\/ciasamx.com\/site-v2\/wp-json\/wp\/v2\/media\/1626"}],"wp:attachment":[{"href":"https:\/\/ciasamx.com\/site-v2\/wp-json\/wp\/v2\/media?parent=909"}],"curies":[{"name":"wp","href":"https:\/\/api.w.org\/{rel}","templated":true}]}}